{"id":35,"date":"2023-03-01T17:25:34","date_gmt":"2023-03-01T16:25:34","guid":{"rendered":"https:\/\/www.artimeabogada.es\/?page_id=35"},"modified":"2023-11-05T17:42:50","modified_gmt":"2023-11-05T16:42:50","slug":"politica-de-privacidad","status":"publish","type":"page","link":"https:\/\/www.artimeabogada.es\/fr\/politica-de-privacidad\/","title":{"rendered":"politique de confidentialit\u00e9"},"content":{"rendered":"<p>Conform\u00e9ment aux obligations \u00e9tablies par la loi organique 3\/2018 du 5 d\u00e9cembre relative \u00e0 la protection des donn\u00e9es personnelles et \u00e0 la garantie<span class=\"Apple-converted-space\">\u00a0<\/span>Conform\u00e9ment \u00e0 la loi sur les droits num\u00e9riques et \u00e0 l&#039;article 10 de la loi 34\/2002 du 11 juillet relative aux services de la soci\u00e9t\u00e9 de l&#039;information et au commerce \u00e9lectronique, les informations suivantes concernant le traitement de vos donn\u00e9es personnelles vous sont communiqu\u00e9es\u00a0:<\/p>\n<h2>Qui est responsable du traitement de vos donn\u00e9es ?<\/h2>\n<p>Propri\u00e9taire : MARIA CONCEPCION ARTIME VELARDE \u2013 10185848E<br \/>\nAdresse : CALLE DEL MUELLE 10, 2\u00baA - 33402 AVIL\u00c9S<br \/>\nT\u00e9l\u00e9phone : 609 810 400<br \/>\nCourriel\u00a0: mav5581@icaoviedo.es<br \/>\nSite web : www.artimeabogada.es<br \/>\n<\/p>\n<p>Pour toute question, vous pouvez contacter MARIA CONCEPCION ARTIME VELARDE \u00e0 l&#039;adresse suivante\u00a0: mav5581@icaoviedo.es<\/p>\n<p>Notre service client est disponible de 9h \u00e0 21h du lundi au vendredi et de 10h \u00e0 14h le samedi. Vous pouvez nous contacter comme vous le souhaitez.<\/p>\n<p>Nous nous r\u00e9servons le droit de modifier ou d&#039;adapter la pr\u00e9sente Politique de confidentialit\u00e9 \u00e0 tout moment. Nous vous recommandons de la consulter r\u00e9guli\u00e8rement. Si vous \u00eates inscrit et que vous acc\u00e9dez \u00e0 votre compte ou \u00e0 votre profil, vous serez inform\u00e9 de toute modification.<\/p>\n<p>Si vous appartenez \u00e0 l&#039;un des groupes suivants, veuillez consulter les informations suivantes\u00a0:<\/p>\n<h2>CONTACTS WEB OU PAR E-MAIL<\/h2>\n<h3>Quelles donn\u00e9es collectons-nous via le Web\u00a0?<\/h3>\n<p>Nous pouvons traiter de mani\u00e8re anonyme votre adresse IP, votre syst\u00e8me d&#039;exploitation, votre navigateur et m\u00eame la dur\u00e9e de votre visite. Si vous nous fournissez des informations via le formulaire de contact, vous serez identifi\u00e9(e) afin que nous puissions vous contacter si n\u00e9cessaire.<\/p>\n<h3>\u00c0 quelles fins traiterons-nous vos donn\u00e9es personnelles ?<\/h3>\n<ul>\n<li>Pour r\u00e9pondre \u00e0 vos questions, demandes ou p\u00e9titions.<\/li>\n<li>G\u00e9rer le service demand\u00e9, r\u00e9pondre \u00e0 votre demande ou traiter votre requ\u00eate.<\/li>\n<li>Information transmise par voie \u00e9lectronique concernant votre demande.<\/li>\n<li>Informations commerciales ou relatives \u00e0 des \u00e9v\u00e9nements par voie \u00e9lectronique, sous r\u00e9serve d&#039;une autorisation expresse.<\/li>\n<li>Effectuer des analyses et des am\u00e9liorations sur le Web, concernant nos produits et services.<span class=\"Apple-converted-space\">\u00a0 <\/span>Am\u00e9liorer notre strat\u00e9gie commerciale.<\/li>\n<\/ul>\n<h3>Quel est le fondement juridique du traitement de vos donn\u00e9es\u00a0?<\/h3>\n<p>Acceptation et consentement de la personne concern\u00e9e\u00a0: Lorsque remplir un formulaire et cliquer sur le bouton \u201c\u00a0Envoyer\u00a0\u201d est n\u00e9cessaire pour effectuer une demande, cela implique n\u00e9cessairement que vous avez pris connaissance et que vous avez express\u00e9ment consenti au contenu de la clause jointe audit formulaire ou \u00e0 la politique de confidentialit\u00e9. Tous nos formulaires comportent un ast\u00e9risque (*) \u00e0 c\u00f4t\u00e9 des champs obligatoires. Si vous ne fournissez pas cette information ou si vous ne cochez pas la case pour accepter la politique de confidentialit\u00e9, vous ne pourrez pas soumettre votre demande. Le texte est g\u00e9n\u00e9ralement formul\u00e9 ainsi\u00a0: \u201c\u00a0\u25a1 J\u2019ai plus de 14\u00a0ans et j\u2019ai lu et j\u2019accepte la politique de confidentialit\u00e9.\u00a0\u201d<\/p>\n<h2>CLIENTS<\/h2>\n<h3>\u00c0 quelles fins traiterons-nous vos donn\u00e9es personnelles ?<\/h3>\n<ul>\n<li>Pr\u00e9paration et suivi du budget par la communication entre les deux parties.<\/li>\n<li>Information transmise par voie \u00e9lectronique concernant votre demande.<\/li>\n<li>Informations commerciales ou relatives \u00e0 des \u00e9v\u00e9nements par voie \u00e9lectronique, sous r\u00e9serve d&#039;une autorisation expresse.<\/li>\n<li>G\u00e9rer les services administratifs, de communication et de logistique assur\u00e9s par le responsable.<\/li>\n<li>Facturation et d\u00e9claration des taxes applicables.<\/li>\n<li>Effectuez les transactions correspondantes.<\/li>\n<li>Gestion du contr\u00f4le et de la r\u00e9cup\u00e9ration.<\/li>\n<\/ul>\n<h2>FOURNISSEURS<\/h2>\n<h3>\u00c0 quelles fins traiterons-nous vos donn\u00e9es personnelles ?<\/h3>\n<ul>\n<li>Information transmise par voie \u00e9lectronique concernant votre demande.<\/li>\n<li>Informations commerciales ou relatives \u00e0 des \u00e9v\u00e9nements par voie \u00e9lectronique, sous r\u00e9serve d&#039;une autorisation expresse.<\/li>\n<li>G\u00e9rer les services administratifs, de communication et de logistique assur\u00e9s par le responsable.<\/li>\n<li>Facturation.<\/li>\n<li>Effectuez les transactions correspondantes.<\/li>\n<li>Facturation et d\u00e9claration des taxes applicables.<\/li>\n<li>Gestion du contr\u00f4le et de la r\u00e9cup\u00e9ration.<\/li>\n<\/ul>\n<h3>Quel est le fondement juridique du traitement de vos donn\u00e9es\u00a0?<\/h3>\n<p>La base juridique est l&#039;acceptation d&#039;une relation contractuelle ou, \u00e0 d\u00e9faut, votre consentement lorsque vous nous contactez ou nous proposez vos produits par quelque moyen que ce soit.<\/p>\n<h2>CONTACTS SUR LES M\u00c9DIAS SOCIAUX<\/h2>\n<h3>\u00c0 quelles fins traiterons-nous vos donn\u00e9es personnelles ?<\/h3>\n<ul>\n<li>R\u00e9pondre \u00e0 vos questions et demandes<span class=\"Apple-converted-space\">\u00a0 <\/span>ou des demandes.<\/li>\n<li>G\u00e9rer le service demand\u00e9, r\u00e9pondre \u00e0 votre demande ou traiter votre requ\u00eate.<\/li>\n<li>\u00c9tablir un lien avec vous et construire une communaut\u00e9 d&#039;abonn\u00e9s.<\/li>\n<\/ul>\n<h3>Quel est le fondement juridique du traitement de vos donn\u00e9es\u00a0?<\/h3>\n<p>Acceptation d\u2019une relation contractuelle au sein de l\u2019environnement du r\u00e9seau social concern\u00e9, et conform\u00e9ment \u00e0 ses politiques de confidentialit\u00e9\u00a0:<\/p>\n<ul>\n<li>Facebook <a href=\"http:\/\/www.facebook.com\/policy.php?ref=pf#_blank\">http:\/\/www.facebook.com\/policy.php?ref=pf<\/a><\/li>\n<li>Instagram <a href=\"https:\/\/help.instagram.com\/155833707900388#_blank\">https:\/\/help.instagram.com\/155833707900388<\/a><\/li>\n<li>Gazouillement\u00a0<a href=\"http:\/\/twitter.com\/privacy#_blank\">http:\/\/twitter.com\/privacy<\/a><\/li>\n<li>Pinterest <a href=\"https:\/\/about.pinterest.com\/es\/privacy-policy#_blank\">https:\/\/about.pinterest.com\/es\/privacy-policy<\/a><\/li>\n<li>Google* <a href=\"http:\/\/www.google.com\/intl\/es\/policies\/privacy\/#_blank\">http:\/\/www.google.com\/intl\/es\/policies\/privacy\/<\/a> *(Google+ et YouTube)<\/li>\n<\/ul>\n<h3>Combien de temps conserverons-nous vos donn\u00e9es personnelles\u00a0?<\/h3>\n<p>Nous ne pouvons acc\u00e9der \u00e0 vos donn\u00e9es ni les supprimer que de mani\u00e8re limit\u00e9e, car elles sont li\u00e9es \u00e0 votre profil. Nous traiterons vos donn\u00e9es tant que vous nous suivrez, serez amis avec nous ou aurez cliqu\u00e9 sur \u201c\u00a0J\u2019aime\u00a0\u201d, \u201c\u00a0S\u2019abonner\u00a0\u201d ou des boutons similaires. Toute modification de vos donn\u00e9es ou restriction concernant vos informations ou publications doit \u00eatre effectu\u00e9e via votre profil ou vos param\u00e8tres utilisateur sur le r\u00e9seau social.<\/p>\n<h2>Incluons-nous des donn\u00e9es personnelles de tiers\u00a0?<\/h2>\n<p>Non, en r\u00e8gle g\u00e9n\u00e9rale, nous ne traitons que les donn\u00e9es qui nous sont fournies par les personnes concern\u00e9es.<span class=\"Apple-converted-space\">\u00a0<\/span>Si vous nous fournissez des donn\u00e9es provenant de tiers, vous devez au pr\u00e9alable les informer et obtenir leur consentement, faute de quoi vous nous d\u00e9gagez de toute responsabilit\u00e9 en cas de non-respect de cette exigence.<\/p>\n<h3>Et qu&#039;en est-il des donn\u00e9es concernant les mineurs ?<\/h3>\n<p>Nous ne traitons pas les donn\u00e9es des enfants de moins de 14 ans. Par cons\u00e9quent, veuillez vous abstenir de fournir de telles donn\u00e9es si vous avez moins de 14 ans ou, le cas \u00e9ch\u00e9ant, de fournir des donn\u00e9es de tiers \u00e2g\u00e9s de moins de 14 ans. MARIA CONCEPCION ARTIME VELARDE d\u00e9cline toute responsabilit\u00e9 en cas de violation de cette disposition.<\/p>\n<h2>Communiquerons-nous par voie \u00e9lectronique ?<\/h2>\n<ul>\n<li>Elles ne seront utilis\u00e9es que pour traiter votre demande, si celle-ci provient de l&#039;un des moyens de contact que vous nous avez fournis.<\/li>\n<li>Si nous effectuons des communications commerciales, elles auront \u00e9t\u00e9 pr\u00e9alablement et express\u00e9ment<span class=\"Apple-converted-space\">\u00a0 <\/span>autoris\u00e9 par vous.<\/li>\n<\/ul>\n<h2>Quelles mesures de s\u00e9curit\u00e9 appliquons-nous ?<\/h2>\n<p>Soyez assur\u00e9s\u00a0: nous avons adopt\u00e9 un niveau de protection optimal pour les donn\u00e9es personnelles que nous traitons et nous avons mis en place tous les moyens et mesures techniques \u00e0 notre disposition, conform\u00e9ment \u00e0 l\u2019\u00e9tat de la technologie, afin de pr\u00e9venir la perte, l\u2019utilisation abusive, l\u2019alt\u00e9ration, l\u2019acc\u00e8s non autoris\u00e9 et le vol des donn\u00e9es personnelles.<\/p>\n<h2>\u00c0 qui vos donn\u00e9es seront-elles communiqu\u00e9es ?<\/h2>\n<p>Vos donn\u00e9es ne seront pas partag\u00e9es avec des tiers, sauf obligation l\u00e9gale. Elles seront notamment communiqu\u00e9es \u00e0 l&#039;Agence fiscale espagnole, aux banques et aux \u00e9tablissements financiers pour le recouvrement des paiements relatifs aux services fournis ou aux produits achet\u00e9s, ainsi qu&#039;aux sous-traitants n\u00e9cessaires \u00e0 l&#039;ex\u00e9cution du contrat. En cas d&#039;achat ou de paiement via une application, un site web, une plateforme, une carte bancaire ou tout autre service en ligne, vos donn\u00e9es seront partag\u00e9es avec cette plateforme ou trait\u00e9es au sein de son environnement, toujours dans le respect des normes de s\u00e9curit\u00e9 les plus strictes. Sur instruction de notre part, la soci\u00e9t\u00e9 de d\u00e9veloppement et de maintenance web, ou l&#039;h\u00e9bergeur, aura acc\u00e8s \u00e0 notre site web. Ces soci\u00e9t\u00e9s auront sign\u00e9 un contrat de service les obligeant \u00e0 garantir le m\u00eame niveau de confidentialit\u00e9 que nous.<\/p>\n<p>Tout transfert international de donn\u00e9es lors de l&#039;utilisation d&#039;applications am\u00e9ricaines b\u00e9n\u00e9ficiera des garanties appropri\u00e9es requises par le RGPD, ce qui assure que les soci\u00e9t\u00e9s de logiciels am\u00e9ricaines respectent les politiques europ\u00e9ennes de protection des donn\u00e9es en mati\u00e8re de confidentialit\u00e9.<\/p>\n<h2>Quels sont vos droits ?<\/h2>\n<ul>\n<li>Pour savoir si nous traitons vos donn\u00e9es ou non.<\/li>\n<li>Pour acc\u00e9der \u00e0 vos donn\u00e9es personnelles.<\/li>\n<li>Pour demander la correction de vos donn\u00e9es si elles sont inexactes.<\/li>\n<li>Vous pouvez demander la suppression de vos donn\u00e9es si elles ne sont plus n\u00e9cessaires aux fins pour lesquelles elles ont \u00e9t\u00e9 collect\u00e9es ou si vous retirez le consentement que vous nous avez donn\u00e9.<\/li>\n<li>Vous pouvez demander, dans certains cas, la limitation du traitement de vos donn\u00e9es ; dans ce cas, nous ne les conserverons que conform\u00e9ment \u00e0 la r\u00e9glementation en vigueur.<\/li>\n<li>Vous disposez d&#039;un droit \u00e0 la portabilit\u00e9 des donn\u00e9es, ce qui signifie que vos donn\u00e9es vous seront fournies dans un format structur\u00e9, couramment utilis\u00e9 et lisible par machine. Si vous le souhaitez, nous pouvons les transmettre au nouveau responsable du traitement des donn\u00e9es que vous d\u00e9signerez. Ce droit n&#039;est valable que dans certaines circonstances.<\/li>\n<li>Vous pouvez d\u00e9poser une plainte aupr\u00e8s de l&#039;Agence espagnole de protection des donn\u00e9es ou de l&#039;autorit\u00e9 de contr\u00f4le comp\u00e9tente si vous estimez que nous ne vous avons pas fourni un service correct.<\/li>\n<li>Pour r\u00e9voquer votre consentement \u00e0 tout traitement auquel vous avez consenti, \u00e0 tout moment.<\/li>\n<\/ul>\n<p>Si vous modifiez des informations, veuillez nous en informer afin que nous puissions les tenir \u00e0 jour.<\/p>\n<h3>Souhaitez-vous un formulaire pour exercer vos droits\u00a0?<\/h3>\n<ul>\n<li>Nous avons des formulaires pour exercer vos droits, demandez-les-nous par<span class=\"Apple-converted-space\">\u00a0 <\/span>Vous pouvez utiliser un courriel ou, si vous pr\u00e9f\u00e9rez, ceux pr\u00e9par\u00e9s par l&#039;Agence espagnole de protection des donn\u00e9es ou par des tiers.<\/li>\n<li>Ces formulaires doivent \u00eatre sign\u00e9s \u00e9lectroniquement ou accompagn\u00e9s d&#039;une photocopie de la carte d&#039;identit\u00e9.<\/li>\n<li>Si vous \u00eates repr\u00e9sent\u00e9 par quelqu&#039;un, vous devez joindre une copie de sa pi\u00e8ce d&#039;identit\u00e9 ou la faire signer \u00e9lectroniquement par cette personne.<\/li>\n<li>Les formulaires peuvent \u00eatre remis en personne, envoy\u00e9s par lettre ou par courriel \u00e0 l&#039;adresse de la partie responsable indiqu\u00e9e au d\u00e9but de ce texte.<\/li>\n<\/ul>\n<h3>Combien de temps faut-il pour r\u00e9pondre \u00e0 votre demande d&#039;exercice de vos droits\u00a0?<\/h3>\n<p>Cela d\u00e9pend du droit, mais au maximum un mois \u00e0 compter de votre demande, et deux mois si l&#039;affaire est tr\u00e8s complexe et que nous vous informons que nous avons besoin de plus de temps.<\/p>\n<h2>Utilisons-nous des cookies\u00a0?<\/h2>\n<p>Si nous utilisons des cookies autres que ceux strictement n\u00e9cessaires, vous pouvez consulter notre politique en mati\u00e8re de cookies via le lien situ\u00e9 en bas de notre site web.<\/p>\n<h2>Combien de temps conserverons-nous vos donn\u00e9es personnelles\u00a0?<\/h2>\n<ul>\n<li>Vos donn\u00e9es personnelles seront conserv\u00e9es tant que vous resterez associ\u00e9(e) \u00e0 nous.<\/li>\n<li>Une fois que vous vous d\u00e9sinscrivez, les donn\u00e9es personnelles trait\u00e9es pour chaque finalit\u00e9 seront conserv\u00e9es pendant les dur\u00e9es l\u00e9galement \u00e9tablies, y compris la p\u00e9riode pendant laquelle un juge ou un tribunal peut les exiger, en tenant compte du d\u00e9lai de prescription des actions en justice.<\/li>\n<li>Les donn\u00e9es trait\u00e9es seront conserv\u00e9es jusqu&#039;\u00e0 l&#039;expiration des d\u00e9lais l\u00e9gaux susmentionn\u00e9s, s&#039;il existe une obligation l\u00e9gale de les conserver, ou, en l&#039;absence d&#039;un tel d\u00e9lai l\u00e9gal, jusqu&#039;\u00e0 ce que la personne concern\u00e9e demande leur suppression ou r\u00e9voque son consentement.<\/li>\n<li>Nous conserverons toutes les informations et communications relatives \u00e0 votre achat ou \u00e0 la fourniture de notre service, pendant toute la dur\u00e9e des garanties du produit ou du service, afin de pouvoir traiter toute r\u00e9clamation potentielle.<\/li>\n<\/ul>","protected":false},"excerpt":{"rendered":"<p>En cumplimiento de las obligaciones establecidas en la Ley Org\u00e1nica 3\/2018, de 5 de diciembre, de Protecci\u00f3n de Datos Personales y Garant\u00eda\u00a0de los Derechos Digitales y del art\u00edculo 10 de la Ley 34\/2002, de 11 de julio, de Servicios de la Sociedad de la Informaci\u00f3n y Comercio Electr\u00f3nico, se le facilita la informaci\u00f3n relativa al [&hellip;]<\/p>\n","protected":false},"author":1,"featured_media":0,"parent":0,"menu_order":5,"comment_status":"closed","ping_status":"closed","template":"","meta":{"footnotes":""},"class_list":["post-35","page","type-page","status-publish","hentry"],"yoast_head":"<!-- This site is optimized with the Yoast SEO plugin v27.4 - https:\/\/yoast.com\/product\/yoast-seo-wordpress\/ -->\n<title>Pol\u00edtica de privacidad - Concepci\u00f3n Artime<\/title>\n<meta name=\"description\" content=\"Pol\u00edtica de privacidad de Concepci\u00f3n Artime\" \/>\n<meta name=\"robots\" content=\"index, follow, max-snippet:-1, max-image-preview:large, max-video-preview:-1\" \/>\n<link rel=\"canonical\" href=\"https:\/\/www.artimeabogada.es\/fr\/politica-de-privacidad\/\" \/>\n<meta property=\"og:locale\" content=\"fr_FR\" \/>\n<meta property=\"og:type\" content=\"article\" \/>\n<meta property=\"og:title\" content=\"Pol\u00edtica de privacidad - Concepci\u00f3n Artime\" \/>\n<meta property=\"og:description\" content=\"Pol\u00edtica de privacidad de Concepci\u00f3n Artime\" \/>\n<meta property=\"og:url\" content=\"https:\/\/www.artimeabogada.es\/fr\/politica-de-privacidad\/\" \/>\n<meta property=\"og:site_name\" content=\"Concepci\u00f3n Artime\" \/>\n<meta property=\"article:modified_time\" content=\"2023-11-05T16:42:50+00:00\" \/>\n<meta name=\"twitter:card\" content=\"summary_large_image\" \/>\n<script type=\"application\/ld+json\" class=\"yoast-schema-graph\">{\"@context\":\"https:\\\/\\\/schema.org\",\"@graph\":[{\"@type\":\"WebPage\",\"@id\":\"https:\\\/\\\/www.artimeabogada.es\\\/politica-de-privacidad\\\/\",\"url\":\"https:\\\/\\\/www.artimeabogada.es\\\/politica-de-privacidad\\\/\",\"name\":\"Pol\u00edtica de privacidad - Concepci\u00f3n Artime\",\"isPartOf\":{\"@id\":\"https:\\\/\\\/www.artimeabogada.es\\\/#website\"},\"datePublished\":\"2023-03-01T16:25:34+00:00\",\"dateModified\":\"2023-11-05T16:42:50+00:00\",\"description\":\"Pol\u00edtica de privacidad de Concepci\u00f3n Artime\",\"breadcrumb\":{\"@id\":\"https:\\\/\\\/www.artimeabogada.es\\\/politica-de-privacidad\\\/#breadcrumb\"},\"inLanguage\":\"fr-FR\",\"potentialAction\":[{\"@type\":\"ReadAction\",\"target\":[\"https:\\\/\\\/www.artimeabogada.es\\\/politica-de-privacidad\\\/\"]}]},{\"@type\":\"BreadcrumbList\",\"@id\":\"https:\\\/\\\/www.artimeabogada.es\\\/politica-de-privacidad\\\/#breadcrumb\",\"itemListElement\":[{\"@type\":\"ListItem\",\"position\":1,\"name\":\"Inicio\",\"item\":\"https:\\\/\\\/www.artimeabogada.es\\\/\"},{\"@type\":\"ListItem\",\"position\":2,\"name\":\"Pol\u00edtica de privacidad\"}]},{\"@type\":\"WebSite\",\"@id\":\"https:\\\/\\\/www.artimeabogada.es\\\/#website\",\"url\":\"https:\\\/\\\/www.artimeabogada.es\\\/\",\"name\":\"Concepci\u00f3n Artime\",\"description\":\"Abogada\",\"publisher\":{\"@id\":\"https:\\\/\\\/www.artimeabogada.es\\\/#organization\"},\"potentialAction\":[{\"@type\":\"SearchAction\",\"target\":{\"@type\":\"EntryPoint\",\"urlTemplate\":\"https:\\\/\\\/www.artimeabogada.es\\\/?s={search_term_string}\"},\"query-input\":{\"@type\":\"PropertyValueSpecification\",\"valueRequired\":true,\"valueName\":\"search_term_string\"}}],\"inLanguage\":\"fr-FR\"},{\"@type\":\"Organization\",\"@id\":\"https:\\\/\\\/www.artimeabogada.es\\\/#organization\",\"name\":\"Concepci\u00f3n Artime\",\"url\":\"https:\\\/\\\/www.artimeabogada.es\\\/\",\"logo\":{\"@type\":\"ImageObject\",\"inLanguage\":\"fr-FR\",\"@id\":\"https:\\\/\\\/www.artimeabogada.es\\\/#\\\/schema\\\/logo\\\/image\\\/\",\"url\":\"https:\\\/\\\/www.artimeabogada.es\\\/wp-content\\\/uploads\\\/2025\\\/07\\\/logo-1.png\",\"contentUrl\":\"https:\\\/\\\/www.artimeabogada.es\\\/wp-content\\\/uploads\\\/2025\\\/07\\\/logo-1.png\",\"width\":1005,\"height\":618,\"caption\":\"Concepci\u00f3n Artime\"},\"image\":{\"@id\":\"https:\\\/\\\/www.artimeabogada.es\\\/#\\\/schema\\\/logo\\\/image\\\/\"}}]}<\/script>\n<!-- \/ Yoast SEO plugin. -->","yoast_head_json":{"title":"Politique de confidentialit\u00e9 - Concepci\u00f3n Artime","description":"Politique de confidentialit\u00e9 Concepci\u00f3n Artime","robots":{"index":"index","follow":"follow","max-snippet":"max-snippet:-1","max-image-preview":"max-image-preview:large","max-video-preview":"max-video-preview:-1"},"canonical":"https:\/\/www.artimeabogada.es\/fr\/politica-de-privacidad\/","og_locale":"fr_FR","og_type":"article","og_title":"Pol\u00edtica de privacidad - Concepci\u00f3n Artime","og_description":"Pol\u00edtica de privacidad de Concepci\u00f3n Artime","og_url":"https:\/\/www.artimeabogada.es\/fr\/politica-de-privacidad\/","og_site_name":"Concepci\u00f3n Artime","article_modified_time":"2023-11-05T16:42:50+00:00","twitter_card":"summary_large_image","schema":{"@context":"https:\/\/schema.org","@graph":[{"@type":"WebPage","@id":"https:\/\/www.artimeabogada.es\/politica-de-privacidad\/","url":"https:\/\/www.artimeabogada.es\/politica-de-privacidad\/","name":"Politique de confidentialit\u00e9 - Concepci\u00f3n Artime","isPartOf":{"@id":"https:\/\/www.artimeabogada.es\/#website"},"datePublished":"2023-03-01T16:25:34+00:00","dateModified":"2023-11-05T16:42:50+00:00","description":"Politique de confidentialit\u00e9 Concepci\u00f3n Artime","breadcrumb":{"@id":"https:\/\/www.artimeabogada.es\/politica-de-privacidad\/#breadcrumb"},"inLanguage":"fr-FR","potentialAction":[{"@type":"ReadAction","target":["https:\/\/www.artimeabogada.es\/politica-de-privacidad\/"]}]},{"@type":"BreadcrumbList","@id":"https:\/\/www.artimeabogada.es\/politica-de-privacidad\/#breadcrumb","itemListElement":[{"@type":"ListItem","position":1,"name":"Inicio","item":"https:\/\/www.artimeabogada.es\/"},{"@type":"ListItem","position":2,"name":"Pol\u00edtica de privacidad"}]},{"@type":"WebSite","@id":"https:\/\/www.artimeabogada.es\/#website","url":"https:\/\/www.artimeabogada.es\/","name":"Concepci\u00f3n Artime","description":"Avocat","publisher":{"@id":"https:\/\/www.artimeabogada.es\/#organization"},"potentialAction":[{"@type":"SearchAction","target":{"@type":"EntryPoint","urlTemplate":"https:\/\/www.artimeabogada.es\/?s={search_term_string}"},"query-input":{"@type":"PropertyValueSpecification","valueRequired":true,"valueName":"search_term_string"}}],"inLanguage":"fr-FR"},{"@type":"Organization","@id":"https:\/\/www.artimeabogada.es\/#organization","name":"Concepci\u00f3n Artime","url":"https:\/\/www.artimeabogada.es\/","logo":{"@type":"ImageObject","inLanguage":"fr-FR","@id":"https:\/\/www.artimeabogada.es\/#\/schema\/logo\/image\/","url":"https:\/\/www.artimeabogada.es\/wp-content\/uploads\/2025\/07\/logo-1.png","contentUrl":"https:\/\/www.artimeabogada.es\/wp-content\/uploads\/2025\/07\/logo-1.png","width":1005,"height":618,"caption":"Concepci\u00f3n Artime"},"image":{"@id":"https:\/\/www.artimeabogada.es\/#\/schema\/logo\/image\/"}}]}},"_links":{"self":[{"href":"https:\/\/www.artimeabogada.es\/fr\/wp-json\/wp\/v2\/pages\/35","targetHints":{"allow":["GET"]}}],"collection":[{"href":"https:\/\/www.artimeabogada.es\/fr\/wp-json\/wp\/v2\/pages"}],"about":[{"href":"https:\/\/www.artimeabogada.es\/fr\/wp-json\/wp\/v2\/types\/page"}],"author":[{"embeddable":true,"href":"https:\/\/www.artimeabogada.es\/fr\/wp-json\/wp\/v2\/users\/1"}],"replies":[{"embeddable":true,"href":"https:\/\/www.artimeabogada.es\/fr\/wp-json\/wp\/v2\/comments?post=35"}],"version-history":[{"count":1,"href":"https:\/\/www.artimeabogada.es\/fr\/wp-json\/wp\/v2\/pages\/35\/revisions"}],"predecessor-version":[{"id":398,"href":"https:\/\/www.artimeabogada.es\/fr\/wp-json\/wp\/v2\/pages\/35\/revisions\/398"}],"wp:attachment":[{"href":"https:\/\/www.artimeabogada.es\/fr\/wp-json\/wp\/v2\/media?parent=35"}],"curies":[{"name":"wp","href":"https:\/\/api.w.org\/{rel}","templated":true}]}}