{"id":429,"date":"2025-07-07T16:43:56","date_gmt":"2025-07-07T14:43:56","guid":{"rendered":"https:\/\/www.artimeabogada.es\/?page_id=429"},"modified":"2025-09-29T09:23:51","modified_gmt":"2025-09-29T07:23:51","slug":"inicio","status":"publish","type":"page","link":"https:\/\/www.artimeabogada.es\/fr\/","title":{"rendered":"Commencer"},"content":{"rendered":"<div data-elementor-type=\"wp-page\" data-elementor-id=\"429\" class=\"elementor elementor-429\" data-elementor-post-type=\"page\">\n\t\t\t\t<div class=\"elementor-element elementor-element-18cae1b2 e-flex e-con-boxed e-con e-parent\" data-id=\"18cae1b2\" data-element_type=\"container\" data-e-type=\"container\" data-settings=\"{&quot;background_background&quot;:&quot;classic&quot;}\">\n\t\t\t\t\t<div class=\"e-con-inner\">\n\t\t\t\t<div class=\"elementor-element elementor-element-76f06b90 elementor-invisible elementor-widget elementor-widget-heading\" data-id=\"76f06b90\" data-element_type=\"widget\" data-e-type=\"widget\" data-settings=\"{&quot;_animation&quot;:&quot;fadeInUp&quot;}\" data-widget_type=\"heading.default\">\n\t\t\t\t<div class=\"elementor-widget-container\">\n\t\t\t\t\t<div class=\"elementor-heading-title elementor-size-default\">Votre avocat de confiance<\/div>\t\t\t\t<\/div>\n\t\t\t\t<\/div>\n\t\t\t\t<div class=\"elementor-element elementor-element-2c9806bf elementor-invisible elementor-widget elementor-widget-heading\" data-id=\"2c9806bf\" data-element_type=\"widget\" data-e-type=\"widget\" data-settings=\"{&quot;_animation&quot;:&quot;fadeInUp&quot;}\" data-widget_type=\"heading.default\">\n\t\t\t\t<div class=\"elementor-widget-container\">\n\t\t\t\t\t<h1 class=\"elementor-heading-title elementor-size-default\">Concepci\u00f3n Artime, avocat \u00e0 Avil\u00e9s (Asturies)<\/h1>\t\t\t\t<\/div>\n\t\t\t\t<\/div>\n\t\t\t\t<div class=\"elementor-element elementor-element-1ebc8d55 elementor-invisible elementor-widget elementor-widget-text-editor\" data-id=\"1ebc8d55\" data-element_type=\"widget\" data-e-type=\"widget\" data-settings=\"{&quot;_animation&quot;:&quot;fadeInUp&quot;}\" data-widget_type=\"text-editor.default\">\n\t\t\t\t<div class=\"elementor-widget-container\">\n\t\t\t\t\t\t\t\t\t<p class=\"p1\">Engagement, exp\u00e9rience et proximit\u00e9 pour r\u00e9soudre vos besoins juridiques.<\/p><p>\u00a0<\/p>\t\t\t\t\t\t\t\t<\/div>\n\t\t\t\t<\/div>\n\t\t\t\t\t<\/div>\n\t\t\t\t<\/div>\n\t\t<div class=\"elementor-element elementor-element-3efd5d63 e-flex e-con-boxed e-con e-parent\" data-id=\"3efd5d63\" data-element_type=\"container\" data-e-type=\"container\">\n\t\t\t\t\t<div class=\"e-con-inner\">\n\t\t<div class=\"elementor-element elementor-element-27bc8333 e-con-full e-flex e-con e-child\" data-id=\"27bc8333\" data-element_type=\"container\" data-e-type=\"container\">\n\t\t\t\t<div class=\"elementor-element elementor-element-49d6eb2b elementor-invisible elementor-widget elementor-widget-heading\" data-id=\"49d6eb2b\" data-element_type=\"widget\" data-e-type=\"widget\" data-settings=\"{&quot;_animation&quot;:&quot;fadeInUp&quot;}\" data-widget_type=\"heading.default\">\n\t\t\t\t<div class=\"elementor-widget-container\">\n\t\t\t\t\t<div class=\"elementor-heading-title elementor-size-default\">Conseils complets<\/div>\t\t\t\t<\/div>\n\t\t\t\t<\/div>\n\t\t\t\t<div class=\"elementor-element elementor-element-432653af elementor-invisible elementor-widget elementor-widget-heading\" data-id=\"432653af\" data-element_type=\"widget\" data-e-type=\"widget\" data-settings=\"{&quot;_animation&quot;:&quot;fadeInUp&quot;}\" data-widget_type=\"heading.default\">\n\t\t\t\t<div class=\"elementor-widget-container\">\n\t\t\t\t\t<h2 class=\"elementor-heading-title elementor-size-default\">Des services juridiques sur mesure<\/h2>\t\t\t\t<\/div>\n\t\t\t\t<\/div>\n\t\t\t\t<div class=\"elementor-element elementor-element-d6007d5 elementor-invisible elementor-widget elementor-widget-text-editor\" data-id=\"d6007d5\" data-element_type=\"widget\" data-e-type=\"widget\" data-settings=\"{&quot;_animation&quot;:&quot;fadeInUp&quot;}\" data-widget_type=\"text-editor.default\">\n\t\t\t\t<div class=\"elementor-widget-container\">\n\t\t\t\t\t\t\t\t\t<p class=\"p1\">J&#039;offre un accompagnement juridique adapt\u00e9 \u00e0 chaque situation, avec une approche pratique et des solutions claires pour toujours d\u00e9fendre vos int\u00e9r\u00eats.&nbsp;<\/p><p class=\"p1\">Chaque cas est unique et m\u00e9rite une attention personnalis\u00e9e, c&#039;est pourquoi je me concentre sur l&#039;\u00e9coute, l&#039;analyse et le d\u00e9veloppement de strat\u00e9gies efficaces.<\/p>\n<p class=\"p1\">Que vous soyez un particulier ou une entreprise, vous trouverez en moi un professionnel sympathique et engag\u00e9.&nbsp;<\/p><p class=\"p1\">Mon objectif est que vous vous sentiez soutenu, inform\u00e9 et accompagn\u00e9 \u00e0 chaque \u00e9tape du processus.<\/p>\t\t\t\t\t\t\t\t<\/div>\n\t\t\t\t<\/div>\n\t\t<div class=\"elementor-element elementor-element-1e593eaa e-flex e-con-boxed e-con e-child\" data-id=\"1e593eaa\" data-element_type=\"container\" data-e-type=\"container\">\n\t\t\t\t\t<div class=\"e-con-inner\">\n\t\t\t\t<div class=\"elementor-element elementor-element-ddc46a0 elementor-align-justify elementor-invisible elementor-widget elementor-widget-button\" data-id=\"ddc46a0\" data-element_type=\"widget\" data-e-type=\"widget\" data-settings=\"{&quot;_animation&quot;:&quot;fadeInUp&quot;}\" data-widget_type=\"button.default\">\n\t\t\t\t<div class=\"elementor-widget-container\">\n\t\t\t\t\t\t\t\t\t<div class=\"elementor-button-wrapper\">\n\t\t\t\t\t<a class=\"elementor-button elementor-button-link elementor-size-sm\" href=\"https:\/\/www.artimeabogada.es\/fr\/servicios\/\">\n\t\t\t\t\t\t<span class=\"elementor-button-content-wrapper\">\n\t\t\t\t\t\t<span class=\"elementor-button-icon\">\n\t\t\t\t<i aria-hidden=\"true\" class=\"fas fa-arrow-right\"><\/i>\t\t\t<\/span>\n\t\t\t\t\t\t\t\t\t<span class=\"elementor-button-text\">Services<\/span>\n\t\t\t\t\t<\/span>\n\t\t\t\t\t<\/a>\n\t\t\t\t<\/div>\n\t\t\t\t\t\t\t\t<\/div>\n\t\t\t\t<\/div>\n\t\t\t\t\t<\/div>\n\t\t\t\t<\/div>\n\t\t\t\t<\/div>\n\t\t<div class=\"elementor-element elementor-element-59fe1ced e-con-full e-flex e-con e-child\" data-id=\"59fe1ced\" data-element_type=\"container\" data-e-type=\"container\">\n\t\t\t\t<div class=\"elementor-element elementor-element-503793c5 elementor-invisible elementor-widget elementor-widget-image\" data-id=\"503793c5\" data-element_type=\"widget\" data-e-type=\"widget\" data-settings=\"{&quot;_animation&quot;:&quot;fadeInUp&quot;}\" data-widget_type=\"image.default\">\n\t\t\t\t<div class=\"elementor-widget-container\">\n\t\t\t\t\t\t\t\t\t\t\t\t\t\t\t<img fetchpriority=\"high\" decoding=\"async\" width=\"1200\" height=\"1200\" src=\"https:\/\/www.artimeabogada.es\/wp-content\/uploads\/2025\/09\/senior-adult-stamp-contract-form-concept-2025-02-10-11-07-40-utc.jpg\" class=\"attachment-full size-full wp-image-721\" alt=\"Signature de contrats\" srcset=\"https:\/\/www.artimeabogada.es\/wp-content\/uploads\/2025\/09\/senior-adult-stamp-contract-form-concept-2025-02-10-11-07-40-utc.jpg 1200w, https:\/\/www.artimeabogada.es\/wp-content\/uploads\/2025\/09\/senior-adult-stamp-contract-form-concept-2025-02-10-11-07-40-utc-300x300.jpg 300w, https:\/\/www.artimeabogada.es\/wp-content\/uploads\/2025\/09\/senior-adult-stamp-contract-form-concept-2025-02-10-11-07-40-utc-1024x1024.jpg 1024w, https:\/\/www.artimeabogada.es\/wp-content\/uploads\/2025\/09\/senior-adult-stamp-contract-form-concept-2025-02-10-11-07-40-utc-150x150.jpg 150w, https:\/\/www.artimeabogada.es\/wp-content\/uploads\/2025\/09\/senior-adult-stamp-contract-form-concept-2025-02-10-11-07-40-utc-768x768.jpg 768w, https:\/\/www.artimeabogada.es\/wp-content\/uploads\/2025\/09\/senior-adult-stamp-contract-form-concept-2025-02-10-11-07-40-utc-12x12.jpg 12w\" sizes=\"(max-width: 1200px) 100vw, 1200px\" \/>\t\t\t\t\t\t\t\t\t\t\t\t\t\t\t<\/div>\n\t\t\t\t<\/div>\n\t\t\t\t<\/div>\n\t\t\t\t\t<\/div>\n\t\t\t\t<\/div>\n\t\t<div class=\"elementor-element elementor-element-262a0ce5 e-flex e-con-boxed e-con e-parent\" data-id=\"262a0ce5\" data-element_type=\"container\" data-e-type=\"container\" data-settings=\"{&quot;background_background&quot;:&quot;classic&quot;}\">\n\t\t\t\t\t<div class=\"e-con-inner\">\n\t\t\t\t<div class=\"elementor-element elementor-element-47e62664 elementor-invisible elementor-widget elementor-widget-heading\" data-id=\"47e62664\" data-element_type=\"widget\" data-e-type=\"widget\" data-settings=\"{&quot;_animation&quot;:&quot;fadeInUp&quot;}\" data-widget_type=\"heading.default\">\n\t\t\t\t<div class=\"elementor-widget-container\">\n\t\t\t\t\t<div class=\"elementor-heading-title elementor-size-default\">Pourquoi me choisir?<\/div>\t\t\t\t<\/div>\n\t\t\t\t<\/div>\n\t\t\t\t<div class=\"elementor-element elementor-element-1939b8c2 elementor-invisible elementor-widget elementor-widget-heading\" data-id=\"1939b8c2\" data-element_type=\"widget\" data-e-type=\"widget\" data-settings=\"{&quot;_animation&quot;:&quot;fadeInUp&quot;}\" data-widget_type=\"heading.default\">\n\t\t\t\t<div class=\"elementor-widget-container\">\n\t\t\t\t\t<h2 class=\"elementor-heading-title elementor-size-default\">Un avocat \u00e0 vos c\u00f4t\u00e9s \u00e0 chaque \u00e9tape<\/h2>\t\t\t\t<\/div>\n\t\t\t\t<\/div>\n\t\t<div class=\"elementor-element elementor-element-67c50535 e-flex e-con-boxed e-con e-child\" data-id=\"67c50535\" data-element_type=\"container\" data-e-type=\"container\">\n\t\t\t\t\t<div class=\"e-con-inner\">\n\t\t<div class=\"elementor-element elementor-element-2a820265 e-flex e-con-boxed e-con e-child\" data-id=\"2a820265\" data-element_type=\"container\" data-e-type=\"container\">\n\t\t\t\t\t<div class=\"e-con-inner\">\n\t\t\t\t<div class=\"elementor-element elementor-element-54b203b0 elementor-invisible elementor-widget elementor-widget-icon-box\" data-id=\"54b203b0\" data-element_type=\"widget\" data-e-type=\"widget\" data-settings=\"{&quot;_animation&quot;:&quot;fadeInUp&quot;}\" data-widget_type=\"icon-box.default\">\n\t\t\t\t<div class=\"elementor-widget-container\">\n\t\t\t\t\t\t\t<div class=\"elementor-icon-box-wrapper\">\n\n\t\t\t\n\t\t\t\t\t\t<div class=\"elementor-icon-box-content\">\n\n\t\t\t\t\t\t\t\t\t<h3 class=\"elementor-icon-box-title\">\n\t\t\t\t\t\t<span  >\n\t\t\t\t\t\t\tProximit\u00e9 et traitement personnalis\u00e9\t\t\t\t\t\t<\/span>\n\t\t\t\t\t<\/h3>\n\t\t\t\t\n\t\t\t\t\t\t\t\t\t<p class=\"elementor-icon-box-description\">\n\t\t\t\t\t\tJe m&#039;implique dans chaque cas pour comprendre votre situation et vous offrir un accompagnement proche et humain.\t\t\t\t\t<\/p>\n\t\t\t\t\n\t\t\t<\/div>\n\t\t\t\n\t\t<\/div>\n\t\t\t\t\t\t<\/div>\n\t\t\t\t<\/div>\n\t\t\t\t\t<\/div>\n\t\t\t\t<\/div>\n\t\t<div class=\"elementor-element elementor-element-30c834e1 e-flex e-con-boxed e-con e-child\" data-id=\"30c834e1\" data-element_type=\"container\" data-e-type=\"container\">\n\t\t\t\t\t<div class=\"e-con-inner\">\n\t\t\t\t<div class=\"elementor-element elementor-element-2b712af5 elementor-invisible elementor-widget elementor-widget-icon-box\" data-id=\"2b712af5\" data-element_type=\"widget\" data-e-type=\"widget\" data-settings=\"{&quot;_animation&quot;:&quot;fadeInUp&quot;}\" data-widget_type=\"icon-box.default\">\n\t\t\t\t<div class=\"elementor-widget-container\">\n\t\t\t\t\t\t\t<div class=\"elementor-icon-box-wrapper\">\n\n\t\t\t\n\t\t\t\t\t\t<div class=\"elementor-icon-box-content\">\n\n\t\t\t\t\t\t\t\t\t<h3 class=\"elementor-icon-box-title\">\n\t\t\t\t\t\t<span  >\n\t\t\t\t\t\t\tRigueur et professionnalisme\t\t\t\t\t\t<\/span>\n\t\t\t\t\t<\/h3>\n\t\t\t\t\n\t\t\t\t\t\t\t\t\t<p class=\"elementor-icon-box-description\">\n\t\t\t\t\t\tJe travaille avec s\u00e9rieux, clart\u00e9 et pr\u00e9cision pour toujours d\u00e9fendre vos int\u00e9r\u00eats.\t\t\t\t\t<\/p>\n\t\t\t\t\n\t\t\t<\/div>\n\t\t\t\n\t\t<\/div>\n\t\t\t\t\t\t<\/div>\n\t\t\t\t<\/div>\n\t\t\t\t\t<\/div>\n\t\t\t\t<\/div>\n\t\t<div class=\"elementor-element elementor-element-7b468a17 e-flex e-con-boxed e-con e-child\" data-id=\"7b468a17\" data-element_type=\"container\" data-e-type=\"container\">\n\t\t\t\t\t<div class=\"e-con-inner\">\n\t\t\t\t<div class=\"elementor-element elementor-element-3f4f1095 elementor-invisible elementor-widget elementor-widget-icon-box\" data-id=\"3f4f1095\" data-element_type=\"widget\" data-e-type=\"widget\" data-settings=\"{&quot;_animation&quot;:&quot;fadeInUp&quot;}\" data-widget_type=\"icon-box.default\">\n\t\t\t\t<div class=\"elementor-widget-container\">\n\t\t\t\t\t\t\t<div class=\"elementor-icon-box-wrapper\">\n\n\t\t\t\n\t\t\t\t\t\t<div class=\"elementor-icon-box-content\">\n\n\t\t\t\t\t\t\t\t\t<h3 class=\"elementor-icon-box-title\">\n\t\t\t\t\t\t<span  >\n\t\t\t\t\t\t\tExp\u00e9rience et engagement\t\t\t\t\t\t<\/span>\n\t\t\t\t\t<\/h3>\n\t\t\t\t\n\t\t\t\t\t\t\t\t\t<p class=\"elementor-icon-box-description\">\n\t\t\t\t\t\tUne vaste exp\u00e9rience dans diff\u00e9rents domaines du droit, avec un ferme d\u00e9vouement \u00e0 l\u2019obtention de r\u00e9sultats.\t\t\t\t\t<\/p>\n\t\t\t\t\n\t\t\t<\/div>\n\t\t\t\n\t\t<\/div>\n\t\t\t\t\t\t<\/div>\n\t\t\t\t<\/div>\n\t\t\t\t\t<\/div>\n\t\t\t\t<\/div>\n\t\t\t\t\t<\/div>\n\t\t\t\t<\/div>\n\t\t\t\t\t<\/div>\n\t\t\t\t<\/div>\n\t\t<div class=\"elementor-element elementor-element-50a21e23 e-flex e-con-boxed e-con e-parent\" data-id=\"50a21e23\" data-element_type=\"container\" data-e-type=\"container\">\n\t\t\t\t\t<div class=\"e-con-inner\">\n\t\t<div class=\"elementor-element elementor-element-6c5f1433 e-con-full e-flex e-con e-child\" data-id=\"6c5f1433\" data-element_type=\"container\" data-e-type=\"container\">\n\t\t\t\t<div class=\"elementor-element elementor-element-4ee45419 elementor-invisible elementor-widget elementor-widget-image\" data-id=\"4ee45419\" data-element_type=\"widget\" data-e-type=\"widget\" data-settings=\"{&quot;_animation&quot;:&quot;fadeInUp&quot;}\" data-widget_type=\"image.default\">\n\t\t\t\t<div class=\"elementor-widget-container\">\n\t\t\t\t\t\t\t\t\t\t\t\t\t\t\t<img decoding=\"async\" width=\"1500\" height=\"1001\" src=\"https:\/\/www.artimeabogada.es\/wp-content\/uploads\/2025\/09\/senior-adult-stamp-contract-concept-2025-02-10-01-38-32-utc.jpg\" class=\"attachment-full size-full wp-image-720\" alt=\"Documents chez le notaire\" srcset=\"https:\/\/www.artimeabogada.es\/wp-content\/uploads\/2025\/09\/senior-adult-stamp-contract-concept-2025-02-10-01-38-32-utc.jpg 1500w, https:\/\/www.artimeabogada.es\/wp-content\/uploads\/2025\/09\/senior-adult-stamp-contract-concept-2025-02-10-01-38-32-utc-300x200.jpg 300w, https:\/\/www.artimeabogada.es\/wp-content\/uploads\/2025\/09\/senior-adult-stamp-contract-concept-2025-02-10-01-38-32-utc-1024x683.jpg 1024w, https:\/\/www.artimeabogada.es\/wp-content\/uploads\/2025\/09\/senior-adult-stamp-contract-concept-2025-02-10-01-38-32-utc-768x513.jpg 768w, https:\/\/www.artimeabogada.es\/wp-content\/uploads\/2025\/09\/senior-adult-stamp-contract-concept-2025-02-10-01-38-32-utc-18x12.jpg 18w\" sizes=\"(max-width: 1500px) 100vw, 1500px\" \/>\t\t\t\t\t\t\t\t\t\t\t\t\t\t\t<\/div>\n\t\t\t\t<\/div>\n\t\t\t\t<\/div>\n\t\t<div class=\"elementor-element elementor-element-601b878b e-con-full e-flex e-con e-child\" data-id=\"601b878b\" data-element_type=\"container\" data-e-type=\"container\">\n\t\t\t\t<div class=\"elementor-element elementor-element-6e36b138 elementor-invisible elementor-widget elementor-widget-heading\" data-id=\"6e36b138\" data-element_type=\"widget\" data-e-type=\"widget\" data-settings=\"{&quot;_animation&quot;:&quot;fadeInUp&quot;}\" data-widget_type=\"heading.default\">\n\t\t\t\t<div class=\"elementor-widget-container\">\n\t\t\t\t\t<div class=\"elementor-heading-title elementor-size-default\">Philosophie du travail<\/div>\t\t\t\t<\/div>\n\t\t\t\t<\/div>\n\t\t\t\t<div class=\"elementor-element elementor-element-47f7c3ab elementor-invisible elementor-widget elementor-widget-heading\" data-id=\"47f7c3ab\" data-element_type=\"widget\" data-e-type=\"widget\" data-settings=\"{&quot;_animation&quot;:&quot;fadeInUp&quot;}\" data-widget_type=\"heading.default\">\n\t\t\t\t<div class=\"elementor-widget-container\">\n\t\t\t\t\t<h2 class=\"elementor-heading-title elementor-size-default\">D\u00e9fense et conseil en toute confiance<\/h2>\t\t\t\t<\/div>\n\t\t\t\t<\/div>\n\t\t\t\t<div class=\"elementor-element elementor-element-7eee2b04 elementor-invisible elementor-widget elementor-widget-text-editor\" data-id=\"7eee2b04\" data-element_type=\"widget\" data-e-type=\"widget\" data-settings=\"{&quot;_animation&quot;:&quot;fadeInUp&quot;}\" data-widget_type=\"text-editor.default\">\n\t\t\t\t<div class=\"elementor-widget-container\">\n\t\t\t\t\t\t\t\t\t<p class=\"p1\">Ma mission est de vous accompagner dans vos d\u00e9cisions juridiques avec un service transparent, accessible et efficace.&nbsp;<\/p><p class=\"p1\">Je comprends que chaque situation n\u00e9cessite une attention personnalis\u00e9e, c&#039;est pourquoi je m&#039;efforce d&#039;\u00e9couter, de guider et de proposer des solutions claires qui renforcent la confiance.&nbsp;<\/p><p class=\"p1\">Je crois en un service juridique de proximit\u00e9 qui privil\u00e9gie toujours votre bien-\u00eatre et votre tranquillit\u00e9 d&#039;esprit, vous donnant la s\u00e9curit\u00e9 d&#039;\u00eatre accompagn\u00e9 \u00e0 tout moment.<\/p>\t\t\t\t\t\t\t\t<\/div>\n\t\t\t\t<\/div>\n\t\t\t\t<\/div>\n\t\t\t\t\t<\/div>\n\t\t\t\t<\/div>\n\t\t\t\t<\/div>","protected":false},"excerpt":{"rendered":"<p>Tu abogada de confianza Concepci\u00f3n Artime, abogada en Avil\u00e9s (Asturias) Compromiso, experiencia y cercan\u00eda para resolver tus necesidades legales. Asesoramiento integral Servicios jur\u00eddicos a tu medida Ofrezco un acompa\u00f1amiento legal adaptado a cada situaci\u00f3n, con un enfoque pr\u00e1ctico y soluciones claras para defender siempre tus intereses. Cada caso es \u00fanico y merece atenci\u00f3n personalizada, por [&hellip;]<\/p>\n","protected":false},"author":1,"featured_media":0,"parent":0,"menu_order":1,"comment_status":"closed","ping_status":"closed","template":"","meta":{"footnotes":""},"class_list":["post-429","page","type-page","status-publish","hentry"],"yoast_head":"<!-- This site is optimized with the Yoast SEO plugin v27.4 - https:\/\/yoast.com\/product\/yoast-seo-wordpress\/ -->\n<title>Inicio - Concepci\u00f3n Artime<\/title>\n<meta name=\"description\" content=\"Abogada en Avil\u00e9s (Asturias), ofrece asesoramiento legal cercano y personalizado.\" \/>\n<meta name=\"robots\" content=\"index, follow, max-snippet:-1, max-image-preview:large, max-video-preview:-1\" \/>\n<link rel=\"canonical\" href=\"https:\/\/www.artimeabogada.es\/fr\/\" \/>\n<meta property=\"og:locale\" content=\"fr_FR\" \/>\n<meta property=\"og:type\" content=\"article\" \/>\n<meta property=\"og:title\" content=\"Inicio - Concepci\u00f3n Artime\" \/>\n<meta property=\"og:description\" content=\"Abogada en Avil\u00e9s (Asturias), ofrece asesoramiento legal cercano y personalizado.\" \/>\n<meta property=\"og:url\" content=\"https:\/\/www.artimeabogada.es\/fr\/\" \/>\n<meta property=\"og:site_name\" content=\"Concepci\u00f3n Artime\" \/>\n<meta property=\"article:modified_time\" content=\"2025-09-29T07:23:51+00:00\" \/>\n<meta property=\"og:image\" content=\"https:\/\/www.artimeabogada.es\/wp-content\/uploads\/2025\/09\/senior-adult-stamp-contract-form-concept-2025-02-10-11-07-40-utc.jpg\" \/>\n<meta name=\"twitter:card\" content=\"summary_large_image\" \/>\n<script type=\"application\/ld+json\" class=\"yoast-schema-graph\">{\"@context\":\"https:\\\/\\\/schema.org\",\"@graph\":[{\"@type\":\"WebPage\",\"@id\":\"https:\\\/\\\/www.artimeabogada.es\\\/\",\"url\":\"https:\\\/\\\/www.artimeabogada.es\\\/\",\"name\":\"Inicio - Concepci\u00f3n Artime\",\"isPartOf\":{\"@id\":\"https:\\\/\\\/www.artimeabogada.es\\\/#website\"},\"primaryImageOfPage\":{\"@id\":\"https:\\\/\\\/www.artimeabogada.es\\\/#primaryimage\"},\"image\":{\"@id\":\"https:\\\/\\\/www.artimeabogada.es\\\/#primaryimage\"},\"thumbnailUrl\":\"https:\\\/\\\/www.artimeabogada.es\\\/wp-content\\\/uploads\\\/2025\\\/09\\\/senior-adult-stamp-contract-form-concept-2025-02-10-11-07-40-utc.jpg\",\"datePublished\":\"2025-07-07T14:43:56+00:00\",\"dateModified\":\"2025-09-29T07:23:51+00:00\",\"description\":\"Abogada en Avil\u00e9s (Asturias), ofrece asesoramiento legal cercano y personalizado.\",\"breadcrumb\":{\"@id\":\"https:\\\/\\\/www.artimeabogada.es\\\/#breadcrumb\"},\"inLanguage\":\"fr-FR\",\"potentialAction\":[{\"@type\":\"ReadAction\",\"target\":[\"https:\\\/\\\/www.artimeabogada.es\\\/\"]}]},{\"@type\":\"ImageObject\",\"inLanguage\":\"fr-FR\",\"@id\":\"https:\\\/\\\/www.artimeabogada.es\\\/#primaryimage\",\"url\":\"https:\\\/\\\/www.artimeabogada.es\\\/wp-content\\\/uploads\\\/2025\\\/09\\\/senior-adult-stamp-contract-form-concept-2025-02-10-11-07-40-utc.jpg\",\"contentUrl\":\"https:\\\/\\\/www.artimeabogada.es\\\/wp-content\\\/uploads\\\/2025\\\/09\\\/senior-adult-stamp-contract-form-concept-2025-02-10-11-07-40-utc.jpg\"},{\"@type\":\"BreadcrumbList\",\"@id\":\"https:\\\/\\\/www.artimeabogada.es\\\/#breadcrumb\",\"itemListElement\":[{\"@type\":\"ListItem\",\"position\":1,\"name\":\"Inicio\",\"item\":\"https:\\\/\\\/www.artimeabogada.es\\\/\"},{\"@type\":\"ListItem\",\"position\":2,\"name\":\"Inicio\"}]},{\"@type\":\"WebSite\",\"@id\":\"https:\\\/\\\/www.artimeabogada.es\\\/#website\",\"url\":\"https:\\\/\\\/www.artimeabogada.es\\\/\",\"name\":\"Concepci\u00f3n Artime\",\"description\":\"Abogada\",\"publisher\":{\"@id\":\"https:\\\/\\\/www.artimeabogada.es\\\/#organization\"},\"potentialAction\":[{\"@type\":\"SearchAction\",\"target\":{\"@type\":\"EntryPoint\",\"urlTemplate\":\"https:\\\/\\\/www.artimeabogada.es\\\/?s={search_term_string}\"},\"query-input\":{\"@type\":\"PropertyValueSpecification\",\"valueRequired\":true,\"valueName\":\"search_term_string\"}}],\"inLanguage\":\"fr-FR\"},{\"@type\":\"Organization\",\"@id\":\"https:\\\/\\\/www.artimeabogada.es\\\/#organization\",\"name\":\"Concepci\u00f3n Artime\",\"url\":\"https:\\\/\\\/www.artimeabogada.es\\\/\",\"logo\":{\"@type\":\"ImageObject\",\"inLanguage\":\"fr-FR\",\"@id\":\"https:\\\/\\\/www.artimeabogada.es\\\/#\\\/schema\\\/logo\\\/image\\\/\",\"url\":\"https:\\\/\\\/www.artimeabogada.es\\\/wp-content\\\/uploads\\\/2025\\\/07\\\/logo-1.png\",\"contentUrl\":\"https:\\\/\\\/www.artimeabogada.es\\\/wp-content\\\/uploads\\\/2025\\\/07\\\/logo-1.png\",\"width\":1005,\"height\":618,\"caption\":\"Concepci\u00f3n Artime\"},\"image\":{\"@id\":\"https:\\\/\\\/www.artimeabogada.es\\\/#\\\/schema\\\/logo\\\/image\\\/\"}}]}<\/script>\n<!-- \/ Yoast SEO plugin. -->","yoast_head_json":{"title":"Accueil - Concepci\u00f3n Artime","description":"Avocate \u00e0 Avil\u00e9s (Asturies), elle offre des conseils juridiques personnalis\u00e9s et conviviaux.","robots":{"index":"index","follow":"follow","max-snippet":"max-snippet:-1","max-image-preview":"max-image-preview:large","max-video-preview":"max-video-preview:-1"},"canonical":"https:\/\/www.artimeabogada.es\/fr\/","og_locale":"fr_FR","og_type":"article","og_title":"Inicio - Concepci\u00f3n Artime","og_description":"Abogada en Avil\u00e9s (Asturias), ofrece asesoramiento legal cercano y personalizado.","og_url":"https:\/\/www.artimeabogada.es\/fr\/","og_site_name":"Concepci\u00f3n Artime","article_modified_time":"2025-09-29T07:23:51+00:00","og_image":[{"url":"https:\/\/www.artimeabogada.es\/wp-content\/uploads\/2025\/09\/senior-adult-stamp-contract-form-concept-2025-02-10-11-07-40-utc.jpg","type":"","width":"","height":""}],"twitter_card":"summary_large_image","schema":{"@context":"https:\/\/schema.org","@graph":[{"@type":"WebPage","@id":"https:\/\/www.artimeabogada.es\/","url":"https:\/\/www.artimeabogada.es\/","name":"Accueil - Concepci\u00f3n Artime","isPartOf":{"@id":"https:\/\/www.artimeabogada.es\/#website"},"primaryImageOfPage":{"@id":"https:\/\/www.artimeabogada.es\/#primaryimage"},"image":{"@id":"https:\/\/www.artimeabogada.es\/#primaryimage"},"thumbnailUrl":"https:\/\/www.artimeabogada.es\/wp-content\/uploads\/2025\/09\/senior-adult-stamp-contract-form-concept-2025-02-10-11-07-40-utc.jpg","datePublished":"2025-07-07T14:43:56+00:00","dateModified":"2025-09-29T07:23:51+00:00","description":"Avocate \u00e0 Avil\u00e9s (Asturies), elle offre des conseils juridiques personnalis\u00e9s et conviviaux.","breadcrumb":{"@id":"https:\/\/www.artimeabogada.es\/#breadcrumb"},"inLanguage":"fr-FR","potentialAction":[{"@type":"ReadAction","target":["https:\/\/www.artimeabogada.es\/"]}]},{"@type":"ImageObject","inLanguage":"fr-FR","@id":"https:\/\/www.artimeabogada.es\/#primaryimage","url":"https:\/\/www.artimeabogada.es\/wp-content\/uploads\/2025\/09\/senior-adult-stamp-contract-form-concept-2025-02-10-11-07-40-utc.jpg","contentUrl":"https:\/\/www.artimeabogada.es\/wp-content\/uploads\/2025\/09\/senior-adult-stamp-contract-form-concept-2025-02-10-11-07-40-utc.jpg"},{"@type":"BreadcrumbList","@id":"https:\/\/www.artimeabogada.es\/#breadcrumb","itemListElement":[{"@type":"ListItem","position":1,"name":"Inicio","item":"https:\/\/www.artimeabogada.es\/"},{"@type":"ListItem","position":2,"name":"Inicio"}]},{"@type":"WebSite","@id":"https:\/\/www.artimeabogada.es\/#website","url":"https:\/\/www.artimeabogada.es\/","name":"Concepci\u00f3n Artime","description":"Avocat","publisher":{"@id":"https:\/\/www.artimeabogada.es\/#organization"},"potentialAction":[{"@type":"SearchAction","target":{"@type":"EntryPoint","urlTemplate":"https:\/\/www.artimeabogada.es\/?s={search_term_string}"},"query-input":{"@type":"PropertyValueSpecification","valueRequired":true,"valueName":"search_term_string"}}],"inLanguage":"fr-FR"},{"@type":"Organization","@id":"https:\/\/www.artimeabogada.es\/#organization","name":"Concepci\u00f3n Artime","url":"https:\/\/www.artimeabogada.es\/","logo":{"@type":"ImageObject","inLanguage":"fr-FR","@id":"https:\/\/www.artimeabogada.es\/#\/schema\/logo\/image\/","url":"https:\/\/www.artimeabogada.es\/wp-content\/uploads\/2025\/07\/logo-1.png","contentUrl":"https:\/\/www.artimeabogada.es\/wp-content\/uploads\/2025\/07\/logo-1.png","width":1005,"height":618,"caption":"Concepci\u00f3n Artime"},"image":{"@id":"https:\/\/www.artimeabogada.es\/#\/schema\/logo\/image\/"}}]}},"_links":{"self":[{"href":"https:\/\/www.artimeabogada.es\/fr\/wp-json\/wp\/v2\/pages\/429","targetHints":{"allow":["GET"]}}],"collection":[{"href":"https:\/\/www.artimeabogada.es\/fr\/wp-json\/wp\/v2\/pages"}],"about":[{"href":"https:\/\/www.artimeabogada.es\/fr\/wp-json\/wp\/v2\/types\/page"}],"author":[{"embeddable":true,"href":"https:\/\/www.artimeabogada.es\/fr\/wp-json\/wp\/v2\/users\/1"}],"replies":[{"embeddable":true,"href":"https:\/\/www.artimeabogada.es\/fr\/wp-json\/wp\/v2\/comments?post=429"}],"version-history":[{"count":49,"href":"https:\/\/www.artimeabogada.es\/fr\/wp-json\/wp\/v2\/pages\/429\/revisions"}],"predecessor-version":[{"id":790,"href":"https:\/\/www.artimeabogada.es\/fr\/wp-json\/wp\/v2\/pages\/429\/revisions\/790"}],"wp:attachment":[{"href":"https:\/\/www.artimeabogada.es\/fr\/wp-json\/wp\/v2\/media?parent=429"}],"curies":[{"name":"wp","href":"https:\/\/api.w.org\/{rel}","templated":true}]}}