{"id":75,"date":"2023-03-01T13:36:51","date_gmt":"2023-03-01T12:36:51","guid":{"rendered":"https:\/\/www.artimeabogada.es\/?page_id=75"},"modified":"2023-11-05T17:42:47","modified_gmt":"2023-11-05T16:42:47","slug":"aviso-legal","status":"publish","type":"page","link":"https:\/\/www.artimeabogada.es\/fr\/aviso-legal\/","title":{"rendered":"Mentions l\u00e9gales"},"content":{"rendered":"<h2>POSSESSION<\/h2>\n<p>Conform\u00e9ment aux obligations pr\u00e9vues \u00e0 l&#039;article 10 de la loi 34\/2002 du 11 juillet relative aux services de la soci\u00e9t\u00e9 de l&#039;information et au commerce \u00e9lectronique, il est pr\u00e9cis\u00e9 que cette page appartient \u00e0 l&#039;entit\u00e9\u00a0:<\/p>\n<p>Propri\u00e9taire : MARIA CONCEPCION ARTIME VELARDE \u2013 10185848E<br \/>\nAdresse : CALLE DEL MUELLE 10, 2\u00baA - 33402 AVIL\u00c9S<br \/>\nT\u00e9l\u00e9phone : 609 810 400<br \/>\nCourriel\u00a0: mav5581@icaoviedo.es<br \/>\nSite web : www.artimeabogada.es<br \/>\n<\/p>\n<p>Pour toute question, vous pouvez contacter MARIA CONCEPCION ARTIME VELARDE par courriel \u00e0 mav5581@icaoviedo.es ou par t\u00e9l\u00e9phone au 609 810 400. Vous pouvez nous contacter de la mani\u00e8re qui vous convient le mieux.<\/p>\n<h2>OBJET ET PORT\u00c9E DU SITE WEB<\/h2>\n<p>Les pr\u00e9sentes Conditions G\u00e9n\u00e9rales de Vente et d&#039;Utilisation r\u00e9gissent la fourniture d&#039;informations sur le site web de MARIA CONCEPCION ARTIME VELARDE, ainsi que les transactions commerciales conclues entre MARIA CONCEPCION ARTIME VELARDE et les utilisateurs du domaine www.artimeabogada.es. La navigation sur le site et l&#039;achat de tout produit propos\u00e9 impliquent l&#039;acceptation sans r\u00e9serve par l&#039;utilisateur de l&#039;int\u00e9gralit\u00e9 des pr\u00e9sentes Conditions G\u00e9n\u00e9rales de Vente et d&#039;Utilisation. MARIA CONCEPCION ARTIME VELARDE se r\u00e9serve le droit de modifier le site web afin d&#039;y apporter les changements et modifications qu&#039;elle juge n\u00e9cessaires \u00e0 son bon fonctionnement, sans pr\u00e9avis.<\/p>\n<h2>UTILISATEURS<\/h2>\n<p>L&#039;acc\u00e8s \u00e0 ce portail de MARIA CONCEPCION ARTIME VELARDE et\/ou son utilisation conf\u00e8rent le statut d&#039;UTILISATEUR, qui accepte, d\u00e8s cet acc\u00e8s et\/ou cette utilisation, les Conditions G\u00e9n\u00e9rales d&#039;Utilisation \u00e9nonc\u00e9es ici. L&#039;acc\u00e8s au site web est volontaire et rel\u00e8ve donc de la responsabilit\u00e9 de l&#039;utilisateur, qui est responsable de toutes les cons\u00e9quences directes ou indirectes d\u00e9coulant de son utilisation du site web, y compris, mais sans s&#039;y limiter, tout pr\u00e9judice \u00e9conomique, technique et\/ou juridique, ainsi que toute d\u00e9ception li\u00e9e aux attentes suscit\u00e9es par notre site web. L&#039;utilisateur s&#039;engage \u00e0 indemniser et \u00e0 d\u00e9gager de toute responsabilit\u00e9 MARIA CONCEPCION ARTIME VELARDE de toute r\u00e9clamation d\u00e9coulant directement ou indirectement de ces actions.<\/p>\n<h2>UTILISATION DU PORTAIL<\/h2>\n<p>Le site www.artimeabogada.es donne acc\u00e8s \u00e0 une multitude d&#039;informations, de services, de programmes et de donn\u00e9es (ci-apr\u00e8s d\u00e9sign\u00e9s \u201c\u00a0le Contenu\u00a0\u201d) disponibles sur Internet et appartenant \u00e0 MARIA CONCEPCION ARTIME VELARDE ou \u00e0 ses conc\u00e9dants de licence. L&#039;UTILISATEUR peut consulter ces informations. L&#039;UTILISATEUR est responsable de l&#039;utilisation du portail. Cette responsabilit\u00e9 s&#039;\u00e9tend \u00e0 toute inscription n\u00e9cessaire pour acc\u00e9der \u00e0 certains services ou contenus. Lors de son inscription, l&#039;UTILISATEUR est tenu de fournir des informations exactes et conformes \u00e0 la loi. Suite \u00e0 cette inscription, un mot de passe peut lui \u00eatre attribu\u00e9. L&#039;UTILISATEUR est responsable de son utilisation et s&#039;engage \u00e0 le conserver avec diligence et confidentialit\u00e9. L&#039;UTILISATEUR s&#039;engage \u00e0 faire un usage appropri\u00e9 du contenu et des services (tels que les services de chat, les forums de discussion ou les groupes de discussion) que MARIA CONCEPCION ARTIME VELARDE peut proposer via son portail et, notamment, s&#039;engage \u00e0 ne pas les utiliser pour (i) se livrer \u00e0 des activit\u00e9s illicites, ill\u00e9gales ou contraires \u00e0 la bonne foi et \u00e0 l&#039;ordre public\u00a0; (ii) Diffuser des contenus ou de la propagande \u00e0 caract\u00e8re raciste, x\u00e9nophobe, pornographique ou ill\u00e9gal, ou faisant l&#039;apologie du terrorisme ou portant atteinte aux droits humains\u00a0; (iii) Endommager les syst\u00e8mes physiques et logiques de MARIA CONCEPCION ARTIME VELARDE, de ses fournisseurs ou de tiers, ou introduire ou diffuser des virus informatiques ou tout autre syst\u00e8me physique ou logique susceptible de causer les dommages susmentionn\u00e9s\u00a0; (iv) Tenter d&#039;acc\u00e9der aux comptes de messagerie d&#039;autres utilisateurs et, le cas \u00e9ch\u00e9ant, de les utiliser, et de modifier ou manipuler leurs messages. MARIA CONCEPCION ARTIME VELARDE se r\u00e9serve le droit de supprimer tout commentaire ou contribution portant atteinte \u00e0 la dignit\u00e9 humaine, discriminatoire, x\u00e9nophobe, raciste, pornographique, pr\u00e9judiciable aux mineurs, mena\u00e7ant l&#039;ordre ou la s\u00e9curit\u00e9 publics, ou qu&#039;elle juge inappropri\u00e9 \u00e0 la publication. En tout \u00e9tat de cause, MARIA CONCEPCION ARTIME VELARDE d\u00e9cline toute responsabilit\u00e9 quant aux opinions exprim\u00e9es par les utilisateurs sur les forums, les chats ou tout autre outil de participation.<\/p>\n<h2>PROPRI\u00c9T\u00c9 INTELLECTUELLE ET INDUSTRIELLE<\/h2>\n<p>MARIA CONCEPCION ARTIME VELARDE, directement ou en tant que cessionnaire, d\u00e9tient tous les droits de propri\u00e9t\u00e9 intellectuelle et industrielle sur ce site web, ainsi que sur les \u00e9l\u00e9ments qui y figurent (notamment les images, les sons, les fichiers audio et vid\u00e9o, les logiciels et les textes\u00a0; les marques et logos\u00a0; les combinaisons de couleurs\u00a0; la structure et le design\u00a0; le choix des mat\u00e9riaux utilis\u00e9s\u00a0; et les programmes informatiques n\u00e9cessaires \u00e0 son fonctionnement, son acc\u00e8s et son utilisation), qui appartiennent \u00e0 MARIA CONCEPCION ARTIME VELARDE ou \u00e0 ses conc\u00e9dants de licence. Tous droits r\u00e9serv\u00e9s. Conform\u00e9ment aux articles 8 et 32.1, deuxi\u00e8me alin\u00e9a, de la loi sur la propri\u00e9t\u00e9 intellectuelle, la reproduction, la distribution et la communication au public, y compris la mise \u00e0 disposition, de tout ou partie du contenu de ce site web \u00e0 des fins commerciales, sur quelque support et par quelque moyen technique que ce soit, sont express\u00e9ment interdites sans l\u2019autorisation de MARIA CONCEPCION ARTIME VELARDE.<\/p>\n<p>L\u2019UTILISATEUR s\u2019engage \u00e0 respecter les droits de propri\u00e9t\u00e9 intellectuelle et industrielle d\u00e9tenus par MARIA CONCEPCION ARTIME VELARDE. L\u2019UTILISATEUR peut consulter les \u00e9l\u00e9ments du portail et m\u00eame les imprimer, les copier et les stocker sur le disque dur de son ordinateur ou sur tout autre support physique, \u00e0 condition que ce soit exclusivement pour son usage personnel et priv\u00e9. L\u2019UTILISATEUR s\u2019engage \u00e0 ne pas supprimer, modifier, contourner ou manipuler tout dispositif de protection ou syst\u00e8me de s\u00e9curit\u00e9 install\u00e9 sur le site web de MARIA CONCEPCION ARTIME VELARDE.<\/p>\n<p>Par cons\u00e9quent, l\u2019utilisation du site web MARIA CONCEPCION ARTIME VELARDE \u00e0 des fins publiques ou commerciales est interdite, et par cons\u00e9quent le contenu du site web ne peut \u00eatre exploit\u00e9, reproduit, distribu\u00e9, modifi\u00e9, communiqu\u00e9 publiquement, transf\u00e9r\u00e9, transform\u00e9 ou utilis\u00e9.<\/p>\n<p>L\u2019insertion de liens hypertextes \u00e0 des fins commerciales sur des sites web autres que celui de MARIA CONCEPCION ARTIME VELARDE, permettant d\u2019acc\u00e9der \u00e0 notre site, est express\u00e9ment interdite sans autorisation pr\u00e9alable. En tout \u00e9tat de cause, la pr\u00e9sence de liens hypertextes sur des sites web autres que le n\u00f4tre n\u2019implique en aucun cas l\u2019existence de relations commerciales ou d\u2019affaires avec le propri\u00e9taire du site o\u00f9 le lien est \u00e9tabli, ni l\u2019approbation par MARIA CONCEPCION ARTIME VELARDE de son contenu ou de ses services.<\/p>\n<h2>ADRESSES IP<\/h2>\n<p>Les serveurs du site web d\u00e9tectent automatiquement l&#039;adresse IP et le nom de domaine utilis\u00e9s par l&#039;utilisateur. Une adresse IP est un num\u00e9ro attribu\u00e9 automatiquement \u00e0 un ordinateur lorsqu&#039;il se connecte \u00e0 Internet. Toutes ces informations sont enregistr\u00e9es dans un journal d&#039;activit\u00e9 du serveur, ce qui permet leur traitement ult\u00e9rieur afin d&#039;obtenir des mesures statistiques, telles que le nombre de pages vues, le nombre de visites sur les services web, l&#039;ordre des visites, le point d&#039;acc\u00e8s, etc.<\/p>\n<h2>EXCLUSION DE GARANTIES ET DE RESPONSABILIT\u00c9<\/h2>\n<p>MARIA CONCEPCION ARTIME VELARDE d\u00e9cline toute responsabilit\u00e9 pour les dommages pouvant r\u00e9sulter d&#039;interf\u00e9rences, d&#039;omissions, d&#039;interruptions, de virus informatiques, de dysfonctionnements et\/ou de d\u00e9connexions affectant le fonctionnement de ce syst\u00e8me \u00e9lectronique ou le mat\u00e9riel informatique des utilisateurs, caus\u00e9s par des raisons ind\u00e9pendantes de sa volont\u00e9, et qui emp\u00eacheraient ou retarderaient la fourniture des services ou la navigation sur le site web. Elle d\u00e9cline \u00e9galement toute responsabilit\u00e9 pour les retards ou blocages d&#039;utilisation dus \u00e0 des d\u00e9faillances ou surcharges d&#039;Internet ou d&#039;autres syst\u00e8mes \u00e9lectroniques, ainsi que pour l&#039;impossibilit\u00e9 de fournir le service ou d&#039;y acc\u00e9der pour des raisons non imputables \u00e0 MARIA CONCEPCION ARTIME VELARDE, que ce soit du fait de l&#039;utilisateur, de tiers ou d&#039;un cas de force majeure. MARIA CONCEPCION ARTIME VELARDE ne contr\u00f4le g\u00e9n\u00e9ralement pas l&#039;utilisation du site web par les utilisateurs. En particulier, MARIA CONCEPCION ARTIME VELARDE d\u00e9cline toute responsabilit\u00e9 quant au respect par les utilisateurs de la loi, des pr\u00e9sentes Conditions G\u00e9n\u00e9rales, des bonnes m\u0153urs et de l&#039;ordre public, ainsi que quant \u00e0 la diligence et la prudence dont ils font preuve.<\/p>\n<p>Les produits pr\u00e9sent\u00e9s sur ce site web sont conformes \u00e0 la l\u00e9gislation espagnole. MARIA CONCEPCION ARTIME VELARDE ne peut \u00eatre tenue responsable des produits non conformes \u00e0 la l\u00e9gislation des pays de destination. Il appartient donc aux clients r\u00e9sidant hors d&#039;Espagne de v\u00e9rifier la possibilit\u00e9 d&#039;importer ou d&#039;utiliser les produits command\u00e9s.<\/p>\n<h2>MODIFICATIONS<\/h2>\n<p>MARIA CONCEPCION ARTIME VELARDE se r\u00e9serve le droit d&#039;apporter \u00e0 son portail, sans pr\u00e9avis, toutes modifications qu&#039;elle juge appropri\u00e9es, et peut modifier, supprimer ou ajouter le contenu et les services fournis par son interm\u00e9diaire, ainsi que la mani\u00e8re dont ils sont pr\u00e9sent\u00e9s ou situ\u00e9s sur son portail.<\/p>\n<h2>LINKS<\/h2>\n<p>Dans l&#039;\u00e9ventualit\u00e9 o\u00f9 le site www.artimeabogada.es contiendrait des liens hypertextes vers d&#039;autres sites web, MARIA CONCEPCION ARTIME VELARDE n&#039;exercerait aucun contr\u00f4le sur ces sites et leur contenu. En aucun cas, MARIA CONCEPCION ARTIME VELARDE n&#039;assumerait la moindre responsabilit\u00e9 quant au contenu des liens vers des sites web tiers, et ne garantirait ni la disponibilit\u00e9 technique, ni la qualit\u00e9, ni la fiabilit\u00e9, ni l&#039;exactitude, ni l&#039;exhaustivit\u00e9, ni la v\u00e9racit\u00e9, ni la validit\u00e9, ni la l\u00e9galit\u00e9 des informations ou documents figurant sur ces liens ou sur d&#039;autres sites web. De m\u00eame, l&#039;inclusion de ces liens externes n&#039;implique aucune association, fusion ou partenariat avec les entit\u00e9s li\u00e9es.<\/p>\n<h2>DROIT D&#039;EXCLUSION<\/h2>\n<p>MARIA CONCEPCION ARTIME VELARDE se r\u00e9serve le droit de refuser ou de retirer l&#039;acc\u00e8s au portail et\/ou aux services propos\u00e9s sans pr\u00e9avis, \u00e0 sa propre demande ou \u00e0 la demande d&#039;un tiers, aux utilisateurs qui ne respectent pas les pr\u00e9sentes Conditions G\u00e9n\u00e9rales d&#039;Utilisation.<\/p>\n<h2>INFORMATIONS G\u00c9N\u00c9RALES<\/h2>\n<p>MARIA CONCEPCION ARTIME VELARDE poursuivra toute violation de ces conditions ainsi que toute utilisation abusive de son portail en exer\u00e7ant toutes les actions civiles et p\u00e9nales qui pourraient lui \u00eatre appropri\u00e9es en vertu de la loi.<\/p>\n<h2>MODIFICATION DES PR\u00c9SENTES CONDITIONS ET DE LA DUR\u00c9E<\/h2>\n<p>MARIA CONCEPCION ARTIME VELARDE se r\u00e9serve le droit de modifier les pr\u00e9sentes conditions g\u00e9n\u00e9rales \u00e0 tout moment. Ces modifications seront d\u00fbment publi\u00e9es et resteront en vigueur jusqu&#039;\u00e0 leur modification par d&#039;autres conditions g\u00e9n\u00e9rales d\u00fbment publi\u00e9es.<span class=\"Apple-converted-space\">\u00a0<\/span><\/p>\n<h2>S\u00c9CURIT\u00c9<\/h2>\n<p>Le site web utilise des techniques de s\u00e9curit\u00e9 informatique conformes aux normes du secteur, telles que des pare-feu, des proc\u00e9dures de contr\u00f4le d&#039;acc\u00e8s et des m\u00e9canismes cryptographiques, afin d&#039;emp\u00eacher tout acc\u00e8s non autoris\u00e9 aux donn\u00e9es. \u00c0 cette fin, l&#039;utilisateur\/client consent \u00e0 ce que le fournisseur collecte des donn\u00e9es pour authentifier les contr\u00f4les d&#039;acc\u00e8s.<\/p>\n<p>Tout processus d&#039;embauche ou tout processus impliquant la saisie de donn\u00e9es personnelles hautement sensibles (sant\u00e9, id\u00e9ologie, etc.) sera toujours transmis via un protocole de communication s\u00e9curis\u00e9 (https:\/\/), afin qu&#039;aucun tiers n&#039;ait acc\u00e8s aux informations transmises \u00e9lectroniquement.<\/p>\n<h2>DROIT APPLICABLE ET JURIDICTION<\/h2>\n<p>La relation entre MARIA CONCEPCION ARTIME VELARDE et l&#039;UTILISATEUR sera r\u00e9gie par la l\u00e9gislation espagnole en vigueur et tout litige sera soumis aux tribunaux comp\u00e9tents.<\/p>","protected":false},"excerpt":{"rendered":"<p>TITULARIDAD En cumplimiento de las obligaciones establecidas en el art\u00edculo 10 de la Ley 34\/2002, de 11 de julio, de Servicios de la Sociedad de la Informaci\u00f3n y Comercio Electr\u00f3nico, se hace constar que esta p\u00e1gina corresponde a la entidad: Titular: &#8211;\u00a0 Domicilio: Tfno: Mail: Web: Para cualquier consulta, puede contactar con en \u00a0o en [&hellip;]<\/p>\n","protected":false},"author":1,"featured_media":0,"parent":0,"menu_order":4,"comment_status":"closed","ping_status":"closed","template":"","meta":{"footnotes":""},"class_list":["post-75","page","type-page","status-publish","hentry"],"yoast_head":"<!-- This site is optimized with the Yoast SEO plugin v27.4 - https:\/\/yoast.com\/product\/yoast-seo-wordpress\/ -->\n<title>Aviso legal - Concepci\u00f3n Artime<\/title>\n<meta name=\"description\" content=\"Aviso legal de Concepci\u00f3n Artime\" \/>\n<meta name=\"robots\" content=\"index, follow, max-snippet:-1, max-image-preview:large, max-video-preview:-1\" \/>\n<link rel=\"canonical\" href=\"https:\/\/www.artimeabogada.es\/fr\/aviso-legal\/\" \/>\n<meta property=\"og:locale\" content=\"fr_FR\" \/>\n<meta property=\"og:type\" content=\"article\" \/>\n<meta property=\"og:title\" content=\"Aviso legal - Concepci\u00f3n Artime\" \/>\n<meta property=\"og:description\" content=\"Aviso legal de Concepci\u00f3n Artime\" \/>\n<meta property=\"og:url\" content=\"https:\/\/www.artimeabogada.es\/fr\/aviso-legal\/\" \/>\n<meta property=\"og:site_name\" content=\"Concepci\u00f3n Artime\" \/>\n<meta property=\"article:modified_time\" content=\"2023-11-05T16:42:47+00:00\" \/>\n<meta name=\"twitter:card\" content=\"summary_large_image\" \/>\n<script type=\"application\/ld+json\" class=\"yoast-schema-graph\">{\"@context\":\"https:\\\/\\\/schema.org\",\"@graph\":[{\"@type\":\"WebPage\",\"@id\":\"https:\\\/\\\/www.artimeabogada.es\\\/aviso-legal\\\/\",\"url\":\"https:\\\/\\\/www.artimeabogada.es\\\/aviso-legal\\\/\",\"name\":\"Aviso legal - Concepci\u00f3n Artime\",\"isPartOf\":{\"@id\":\"https:\\\/\\\/www.artimeabogada.es\\\/#website\"},\"datePublished\":\"2023-03-01T12:36:51+00:00\",\"dateModified\":\"2023-11-05T16:42:47+00:00\",\"description\":\"Aviso legal de Concepci\u00f3n Artime\",\"breadcrumb\":{\"@id\":\"https:\\\/\\\/www.artimeabogada.es\\\/aviso-legal\\\/#breadcrumb\"},\"inLanguage\":\"fr-FR\",\"potentialAction\":[{\"@type\":\"ReadAction\",\"target\":[\"https:\\\/\\\/www.artimeabogada.es\\\/aviso-legal\\\/\"]}]},{\"@type\":\"BreadcrumbList\",\"@id\":\"https:\\\/\\\/www.artimeabogada.es\\\/aviso-legal\\\/#breadcrumb\",\"itemListElement\":[{\"@type\":\"ListItem\",\"position\":1,\"name\":\"Inicio\",\"item\":\"https:\\\/\\\/www.artimeabogada.es\\\/\"},{\"@type\":\"ListItem\",\"position\":2,\"name\":\"Aviso legal\"}]},{\"@type\":\"WebSite\",\"@id\":\"https:\\\/\\\/www.artimeabogada.es\\\/#website\",\"url\":\"https:\\\/\\\/www.artimeabogada.es\\\/\",\"name\":\"Concepci\u00f3n Artime\",\"description\":\"Abogada\",\"publisher\":{\"@id\":\"https:\\\/\\\/www.artimeabogada.es\\\/#organization\"},\"potentialAction\":[{\"@type\":\"SearchAction\",\"target\":{\"@type\":\"EntryPoint\",\"urlTemplate\":\"https:\\\/\\\/www.artimeabogada.es\\\/?s={search_term_string}\"},\"query-input\":{\"@type\":\"PropertyValueSpecification\",\"valueRequired\":true,\"valueName\":\"search_term_string\"}}],\"inLanguage\":\"fr-FR\"},{\"@type\":\"Organization\",\"@id\":\"https:\\\/\\\/www.artimeabogada.es\\\/#organization\",\"name\":\"Concepci\u00f3n Artime\",\"url\":\"https:\\\/\\\/www.artimeabogada.es\\\/\",\"logo\":{\"@type\":\"ImageObject\",\"inLanguage\":\"fr-FR\",\"@id\":\"https:\\\/\\\/www.artimeabogada.es\\\/#\\\/schema\\\/logo\\\/image\\\/\",\"url\":\"https:\\\/\\\/www.artimeabogada.es\\\/wp-content\\\/uploads\\\/2025\\\/07\\\/logo-1.png\",\"contentUrl\":\"https:\\\/\\\/www.artimeabogada.es\\\/wp-content\\\/uploads\\\/2025\\\/07\\\/logo-1.png\",\"width\":1005,\"height\":618,\"caption\":\"Concepci\u00f3n Artime\"},\"image\":{\"@id\":\"https:\\\/\\\/www.artimeabogada.es\\\/#\\\/schema\\\/logo\\\/image\\\/\"}}]}<\/script>\n<!-- \/ Yoast SEO plugin. -->","yoast_head_json":{"title":"Mentions l\u00e9gales - Concepci\u00f3n Artime","description":"Mentions l\u00e9gales de Concepci\u00f3n Artime","robots":{"index":"index","follow":"follow","max-snippet":"max-snippet:-1","max-image-preview":"max-image-preview:large","max-video-preview":"max-video-preview:-1"},"canonical":"https:\/\/www.artimeabogada.es\/fr\/aviso-legal\/","og_locale":"fr_FR","og_type":"article","og_title":"Aviso legal - Concepci\u00f3n Artime","og_description":"Aviso legal de Concepci\u00f3n Artime","og_url":"https:\/\/www.artimeabogada.es\/fr\/aviso-legal\/","og_site_name":"Concepci\u00f3n Artime","article_modified_time":"2023-11-05T16:42:47+00:00","twitter_card":"summary_large_image","schema":{"@context":"https:\/\/schema.org","@graph":[{"@type":"WebPage","@id":"https:\/\/www.artimeabogada.es\/aviso-legal\/","url":"https:\/\/www.artimeabogada.es\/aviso-legal\/","name":"Mentions l\u00e9gales - Concepci\u00f3n Artime","isPartOf":{"@id":"https:\/\/www.artimeabogada.es\/#website"},"datePublished":"2023-03-01T12:36:51+00:00","dateModified":"2023-11-05T16:42:47+00:00","description":"Mentions l\u00e9gales de Concepci\u00f3n Artime","breadcrumb":{"@id":"https:\/\/www.artimeabogada.es\/aviso-legal\/#breadcrumb"},"inLanguage":"fr-FR","potentialAction":[{"@type":"ReadAction","target":["https:\/\/www.artimeabogada.es\/aviso-legal\/"]}]},{"@type":"BreadcrumbList","@id":"https:\/\/www.artimeabogada.es\/aviso-legal\/#breadcrumb","itemListElement":[{"@type":"ListItem","position":1,"name":"Inicio","item":"https:\/\/www.artimeabogada.es\/"},{"@type":"ListItem","position":2,"name":"Aviso legal"}]},{"@type":"WebSite","@id":"https:\/\/www.artimeabogada.es\/#website","url":"https:\/\/www.artimeabogada.es\/","name":"Concepci\u00f3n Artime","description":"Avocat","publisher":{"@id":"https:\/\/www.artimeabogada.es\/#organization"},"potentialAction":[{"@type":"SearchAction","target":{"@type":"EntryPoint","urlTemplate":"https:\/\/www.artimeabogada.es\/?s={search_term_string}"},"query-input":{"@type":"PropertyValueSpecification","valueRequired":true,"valueName":"search_term_string"}}],"inLanguage":"fr-FR"},{"@type":"Organization","@id":"https:\/\/www.artimeabogada.es\/#organization","name":"Concepci\u00f3n Artime","url":"https:\/\/www.artimeabogada.es\/","logo":{"@type":"ImageObject","inLanguage":"fr-FR","@id":"https:\/\/www.artimeabogada.es\/#\/schema\/logo\/image\/","url":"https:\/\/www.artimeabogada.es\/wp-content\/uploads\/2025\/07\/logo-1.png","contentUrl":"https:\/\/www.artimeabogada.es\/wp-content\/uploads\/2025\/07\/logo-1.png","width":1005,"height":618,"caption":"Concepci\u00f3n Artime"},"image":{"@id":"https:\/\/www.artimeabogada.es\/#\/schema\/logo\/image\/"}}]}},"_links":{"self":[{"href":"https:\/\/www.artimeabogada.es\/fr\/wp-json\/wp\/v2\/pages\/75","targetHints":{"allow":["GET"]}}],"collection":[{"href":"https:\/\/www.artimeabogada.es\/fr\/wp-json\/wp\/v2\/pages"}],"about":[{"href":"https:\/\/www.artimeabogada.es\/fr\/wp-json\/wp\/v2\/types\/page"}],"author":[{"embeddable":true,"href":"https:\/\/www.artimeabogada.es\/fr\/wp-json\/wp\/v2\/users\/1"}],"replies":[{"embeddable":true,"href":"https:\/\/www.artimeabogada.es\/fr\/wp-json\/wp\/v2\/comments?post=75"}],"version-history":[{"count":1,"href":"https:\/\/www.artimeabogada.es\/fr\/wp-json\/wp\/v2\/pages\/75\/revisions"}],"predecessor-version":[{"id":397,"href":"https:\/\/www.artimeabogada.es\/fr\/wp-json\/wp\/v2\/pages\/75\/revisions\/397"}],"wp:attachment":[{"href":"https:\/\/www.artimeabogada.es\/fr\/wp-json\/wp\/v2\/media?parent=75"}],"curies":[{"name":"wp","href":"https:\/\/api.w.org\/{rel}","templated":true}]}}