{"id":88,"date":"2023-03-01T14:03:52","date_gmt":"2023-03-01T13:03:52","guid":{"rendered":"https:\/\/www.artimeabogada.es\/?page_id=88"},"modified":"2023-11-05T17:42:42","modified_gmt":"2023-11-05T16:42:42","slug":"politica-de-cookies","status":"publish","type":"page","link":"https:\/\/www.artimeabogada.es\/fr\/politica-de-cookies\/","title":{"rendered":"Politique relative aux cookies"},"content":{"rendered":"<p>Ce site web utilise des cookies. Nous expliquons ici ce que sont les cookies et comment nous les utilisons sur notre site. Vous pouvez modifier vos pr\u00e9f\u00e9rences en mati\u00e8re de cookies \u00e0 tout moment\u00a0:<\/p>\n<p style=\"text-align: center;\"><a href=\"#\" class=\"_brlbs-btn-cookie-preference borlabs-cookie-preference\">Pr\u00e9f\u00e9rences relatives aux cookies<\/a><\/p>\n<hr \/>\n<p>Conform\u00e9ment \u00e0 la loi 34\/2002 du 11 juillet relative aux services de la soci\u00e9t\u00e9 de l&#039;information et au commerce \u00e9lectronique, nous vous informons que ce site web, comme la plupart des sites internet, utilise des cookies pour am\u00e9liorer et optimiser l&#039;exp\u00e9rience utilisateur.<\/p>\n<p>Vous trouverez ci-dessous des informations d\u00e9taill\u00e9es sur ce que sont les cookies, les types utilis\u00e9s par ce site web, comment modifier vos param\u00e8tres de cookies et ce qui se passe si vous d\u00e9sactivez les cookies.<\/p>\n<h2>Que sont les cookies ?<\/h2>\n<p>Un cookie est un petit fichier t\u00e9l\u00e9charg\u00e9 sur l&#039;ordinateur de l&#039;utilisateur afin de stocker des donn\u00e9es, qui peuvent \u00eatre mises \u00e0 jour et r\u00e9cup\u00e9r\u00e9es par l&#039;entit\u00e9 responsable de son installation.<\/p>\n<h2>Quels types de cookies ce site web utilise-t-il\u00a0?<\/h2>\n<p>Vous trouverez ci-dessous un tableau r\u00e9pertoriant les cookies utilis\u00e9s sur ce site web. Pour toute information concernant les transferts de donn\u00e9es vers des pays tiers effectu\u00e9s par les tiers mentionn\u00e9s dans la pr\u00e9sente politique relative aux cookies, veuillez consulter leurs politiques respectives.<\/p>\n<div class=\"BorlabsCookie\"><h3 class=\"_brlbs _brlbs-cg-essential\">Essentiel<\/h3><p class=\"_brlbs _brlbs-cg-essential\">Les cookies essentiels permettent d&#039;assurer les fonctions de base et sont n\u00e9cessaires au bon fonctionnement du site web.<\/p><h4 class=\"_brlbs _brlbs-c-borlabs-cookie\">Cookie Borlabs<\/h4><div class=\"_brlbs-responsive-table\"><table class=\"_brlbs _brlbs-c-borlabs-cookie\"><tr><th scope=\"row\">Nom<\/th><td>Cookie Borlabs<\/td><\/tr><tr><th scope=\"row\">Fournisseur<\/th><td>Propri\u00e9taire de ce site web<span>, <\/span><a href=\"https:\/\/www.artimeabogada.es\/fr\/aviso-legal\/\">Mentions l\u00e9gales<\/a><\/td><\/tr><tr><th scope=\"row\">But<\/th><td>Enregistrez les pr\u00e9f\u00e9rences des visiteurs s\u00e9lectionn\u00e9s dans la bo\u00eete \u00e0 cookies de Borlabs.<\/td><\/tr><tr><th scope=\"row\">Nom du cookie<\/th><td>borrabs-cookie<\/td><\/tr><tr><th scope=\"row\">Expiration des cookies<\/th><td>1 an<\/td><\/tr><\/table><\/div><h3 class=\"_brlbs _brlbs-cg-statistics\">Statistiques<\/h3><p class=\"_brlbs _brlbs-cg-statistics\">Les cookies statistiques collectent des informations de mani\u00e8re anonyme. Ces informations nous aident \u00e0 comprendre comment nos visiteurs utilisent notre site web.<\/p><h3 class=\"_brlbs _brlbs-cg-external-media\">M\u00e9dias externes<\/h3><p class=\"_brlbs _brlbs-cg-external-media\">Le contenu des plateformes vid\u00e9o et des r\u00e9seaux sociaux est bloqu\u00e9 par d\u00e9faut. Si les cookies tiers sont accept\u00e9s, l&#039;acc\u00e8s \u00e0 ce contenu ne n\u00e9cessite plus de consentement manuel.<\/p><h4 class=\"_brlbs _brlbs-c-googlemaps\">Google Maps<\/h4><div class=\"_brlbs-responsive-table\"><table class=\"_brlbs _brlbs-c-googlemaps\"><tr><th scope=\"row\">Nom<\/th><td>Google Maps<\/td><\/tr><tr><th scope=\"row\">Fournisseur<\/th><td>Google Ireland Limited, Gordon House, Barrow Street, Dublin 4, Irlande<\/td><\/tr><tr><th scope=\"row\">But<\/th><td>Il sert \u00e0 d\u00e9bloquer le contenu de Google Maps.<\/td><\/tr><tr><th scope=\"row\">politique de confidentialit\u00e9<\/th><td><a href=\"https:\/\/policies.google.com\/privacy?hl=enl=en\" target=\"_blank\" rel=\"nofollow noopener noreferrer\">https:\/\/policies.google.com\/privacy?hl=enl=en<\/a><\/td><\/tr><tr><th scope=\"row\">H\u00f4te(s)<\/th><td>.google.com<\/td><\/tr><tr><th scope=\"row\">Nom du cookie<\/th><td>NID<\/td><\/tr><tr><th scope=\"row\">Expiration des cookies<\/th><td>6 mois<\/td><\/tr><\/table><\/div><\/div>\n<h2>Comment configurer vos cookies ?<\/h2>\n<p>En naviguant sur notre site web et en continuant \u00e0 l&#039;utiliser, vous consentez \u00e0 l&#039;utilisation de cookies conform\u00e9ment \u00e0 la pr\u00e9sente politique relative aux cookies. Vous pouvez \u00e0 tout moment bloquer, supprimer ou refuser l&#039;utilisation des cookies en modifiant les param\u00e8tres de votre navigateur.<\/p>\n<p>Par exemple:<\/p>\n<ol>\n<li>Internet Explorer\u00a0: Outils &gt; Options Internet &gt; Confidentialit\u00e9 &gt; Param\u00e8tres. Pour plus d\u2019informations, consultez le support Microsoft ou l\u2019aide du navigateur.<\/li>\n<li>Mozilla Firefox\u00a0: Outils &gt; Options &gt; Vie priv\u00e9e &gt; Historique &gt; Param\u00e8tres personnalis\u00e9s. Pour plus d\u2019informations, consultez l\u2019assistance Mozilla ou l\u2019aide du navigateur.<\/li>\n<li>Google Chrome\u00a0: Param\u00e8tres &gt; Afficher les param\u00e8tres avanc\u00e9s &gt; Confidentialit\u00e9 &gt; Param\u00e8tres de contenu. Pour plus d&#039;informations, consultez l&#039;assistance Google ou la section Aide du navigateur.<\/li>\n<li>Safari\u00a0: Pr\u00e9f\u00e9rences &gt; S\u00e9curit\u00e9. Pour plus d\u2019informations, consultez l\u2019assistance Apple ou l\u2019aide du navigateur.<\/li>\n<li>Opera\u00a0: Param\u00e8tres &gt; Options &gt; Avanc\u00e9 &gt; Cookies. Pour plus d\u2019informations, consultez l\u2019assistance Opera ou l\u2019aide du navigateur.<\/li>\n<\/ol>\n<p>Si vous utilisez un navigateur autre que ceux mentionn\u00e9s ci-dessus, veuillez consulter sa politique relative \u00e0 l&#039;installation, \u00e0 l&#039;utilisation et au blocage des cookies.<\/p>\n<h2>Votre historique de consentement<\/h2>\n<div class=\"BorlabsCookie\" data-borlabs-cookie-consent-history><div class=\"_brlbs-responsive-table\"><table class=\"_brlbs-table\"><thead><tr><th class=\"_brlbs-table-date\" scope=\"col\">Date<\/th><th class=\"_brlbs-table-version\" scope=\"col\">Version<\/th><th class=\"_brlbs-table-consents\" scope=\"col\">Consentements<\/th><\/tr><\/thead><\/table><\/div><\/div>\n<h2>Que se passe-t-il si les cookies sont d\u00e9sactiv\u00e9s\u00a0?<\/h2>\n<p>Certaines fonctionnalit\u00e9s des Services ou certaines parties de ce site Web peuvent ne pas fonctionner correctement.<\/p>\n<h2>Avons-nous mis \u00e0 jour notre politique en mati\u00e8re de cookies\u00a0?<\/h2>\n<p>Nous pouvons \u00eatre amen\u00e9s \u00e0 modifier notre politique relative aux cookies. C&#039;est pourquoi nos avocats nous recommandent de vous conseiller de consulter cette politique chaque fois que vous acc\u00e9dez \u00e0 notre site web, afin d&#039;\u00eatre correctement inform\u00e9 sur la mani\u00e8re dont nous utilisons les cookies et sur les raisons de cette utilisation.<\/p>","protected":false},"excerpt":{"rendered":"<p>Esta web utiliza cookies. Aqu\u00ed te explicamos qu\u00e9 son las cookies y c\u00f3mo las usamos en nuestra web. Puedes cambiar tus preferencias de cookies en cualquier momento: En cumplimiento de la Ley 34\/2002, de 11 de julio, de Servicios de la Sociedad de la Informaci\u00f3n y Comercio Electr\u00f3nico, te informamos de que este sitio web, [&hellip;]<\/p>\n","protected":false},"author":1,"featured_media":0,"parent":0,"menu_order":6,"comment_status":"closed","ping_status":"closed","template":"","meta":{"footnotes":""},"class_list":["post-88","page","type-page","status-publish","hentry"],"yoast_head":"<!-- This site is optimized with the Yoast SEO plugin v27.4 - https:\/\/yoast.com\/product\/yoast-seo-wordpress\/ -->\n<title>Pol\u00edtica de cookies - Concepci\u00f3n Artime<\/title>\n<meta name=\"description\" content=\"Pol\u00edtica de cookies de Concepci\u00f3n Artime\" \/>\n<meta name=\"robots\" content=\"index, follow, max-snippet:-1, max-image-preview:large, max-video-preview:-1\" \/>\n<link rel=\"canonical\" href=\"https:\/\/www.artimeabogada.es\/fr\/politica-de-cookies\/\" \/>\n<meta property=\"og:locale\" content=\"fr_FR\" \/>\n<meta property=\"og:type\" content=\"article\" \/>\n<meta property=\"og:title\" content=\"Pol\u00edtica de cookies - Concepci\u00f3n Artime\" \/>\n<meta property=\"og:description\" content=\"Pol\u00edtica de cookies de Concepci\u00f3n Artime\" \/>\n<meta property=\"og:url\" content=\"https:\/\/www.artimeabogada.es\/fr\/politica-de-cookies\/\" \/>\n<meta property=\"og:site_name\" content=\"Concepci\u00f3n Artime\" \/>\n<meta property=\"article:modified_time\" content=\"2023-11-05T16:42:42+00:00\" \/>\n<meta name=\"twitter:card\" content=\"summary_large_image\" \/>\n<script type=\"application\/ld+json\" class=\"yoast-schema-graph\">{\"@context\":\"https:\\\/\\\/schema.org\",\"@graph\":[{\"@type\":\"WebPage\",\"@id\":\"https:\\\/\\\/www.artimeabogada.es\\\/politica-de-cookies\\\/\",\"url\":\"https:\\\/\\\/www.artimeabogada.es\\\/politica-de-cookies\\\/\",\"name\":\"Pol\u00edtica de cookies - Concepci\u00f3n Artime\",\"isPartOf\":{\"@id\":\"https:\\\/\\\/www.artimeabogada.es\\\/#website\"},\"datePublished\":\"2023-03-01T13:03:52+00:00\",\"dateModified\":\"2023-11-05T16:42:42+00:00\",\"description\":\"Pol\u00edtica de cookies de Concepci\u00f3n Artime\",\"breadcrumb\":{\"@id\":\"https:\\\/\\\/www.artimeabogada.es\\\/politica-de-cookies\\\/#breadcrumb\"},\"inLanguage\":\"fr-FR\",\"potentialAction\":[{\"@type\":\"ReadAction\",\"target\":[\"https:\\\/\\\/www.artimeabogada.es\\\/politica-de-cookies\\\/\"]}]},{\"@type\":\"BreadcrumbList\",\"@id\":\"https:\\\/\\\/www.artimeabogada.es\\\/politica-de-cookies\\\/#breadcrumb\",\"itemListElement\":[{\"@type\":\"ListItem\",\"position\":1,\"name\":\"Inicio\",\"item\":\"https:\\\/\\\/www.artimeabogada.es\\\/\"},{\"@type\":\"ListItem\",\"position\":2,\"name\":\"Pol\u00edtica de cookies\"}]},{\"@type\":\"WebSite\",\"@id\":\"https:\\\/\\\/www.artimeabogada.es\\\/#website\",\"url\":\"https:\\\/\\\/www.artimeabogada.es\\\/\",\"name\":\"Concepci\u00f3n Artime\",\"description\":\"Abogada\",\"publisher\":{\"@id\":\"https:\\\/\\\/www.artimeabogada.es\\\/#organization\"},\"potentialAction\":[{\"@type\":\"SearchAction\",\"target\":{\"@type\":\"EntryPoint\",\"urlTemplate\":\"https:\\\/\\\/www.artimeabogada.es\\\/?s={search_term_string}\"},\"query-input\":{\"@type\":\"PropertyValueSpecification\",\"valueRequired\":true,\"valueName\":\"search_term_string\"}}],\"inLanguage\":\"fr-FR\"},{\"@type\":\"Organization\",\"@id\":\"https:\\\/\\\/www.artimeabogada.es\\\/#organization\",\"name\":\"Concepci\u00f3n Artime\",\"url\":\"https:\\\/\\\/www.artimeabogada.es\\\/\",\"logo\":{\"@type\":\"ImageObject\",\"inLanguage\":\"fr-FR\",\"@id\":\"https:\\\/\\\/www.artimeabogada.es\\\/#\\\/schema\\\/logo\\\/image\\\/\",\"url\":\"https:\\\/\\\/www.artimeabogada.es\\\/wp-content\\\/uploads\\\/2025\\\/07\\\/logo-1.png\",\"contentUrl\":\"https:\\\/\\\/www.artimeabogada.es\\\/wp-content\\\/uploads\\\/2025\\\/07\\\/logo-1.png\",\"width\":1005,\"height\":618,\"caption\":\"Concepci\u00f3n Artime\"},\"image\":{\"@id\":\"https:\\\/\\\/www.artimeabogada.es\\\/#\\\/schema\\\/logo\\\/image\\\/\"}}]}<\/script>\n<!-- \/ Yoast SEO plugin. -->","yoast_head_json":{"title":"Politique relative aux cookies - Concepci\u00f3n Artime","description":"Politique relative aux cookies Concepci\u00f3n Artime","robots":{"index":"index","follow":"follow","max-snippet":"max-snippet:-1","max-image-preview":"max-image-preview:large","max-video-preview":"max-video-preview:-1"},"canonical":"https:\/\/www.artimeabogada.es\/fr\/politica-de-cookies\/","og_locale":"fr_FR","og_type":"article","og_title":"Pol\u00edtica de cookies - Concepci\u00f3n Artime","og_description":"Pol\u00edtica de cookies de Concepci\u00f3n Artime","og_url":"https:\/\/www.artimeabogada.es\/fr\/politica-de-cookies\/","og_site_name":"Concepci\u00f3n Artime","article_modified_time":"2023-11-05T16:42:42+00:00","twitter_card":"summary_large_image","schema":{"@context":"https:\/\/schema.org","@graph":[{"@type":"WebPage","@id":"https:\/\/www.artimeabogada.es\/politica-de-cookies\/","url":"https:\/\/www.artimeabogada.es\/politica-de-cookies\/","name":"Politique relative aux cookies - Concepci\u00f3n Artime","isPartOf":{"@id":"https:\/\/www.artimeabogada.es\/#website"},"datePublished":"2023-03-01T13:03:52+00:00","dateModified":"2023-11-05T16:42:42+00:00","description":"Politique relative aux cookies Concepci\u00f3n Artime","breadcrumb":{"@id":"https:\/\/www.artimeabogada.es\/politica-de-cookies\/#breadcrumb"},"inLanguage":"fr-FR","potentialAction":[{"@type":"ReadAction","target":["https:\/\/www.artimeabogada.es\/politica-de-cookies\/"]}]},{"@type":"BreadcrumbList","@id":"https:\/\/www.artimeabogada.es\/politica-de-cookies\/#breadcrumb","itemListElement":[{"@type":"ListItem","position":1,"name":"Inicio","item":"https:\/\/www.artimeabogada.es\/"},{"@type":"ListItem","position":2,"name":"Pol\u00edtica de cookies"}]},{"@type":"WebSite","@id":"https:\/\/www.artimeabogada.es\/#website","url":"https:\/\/www.artimeabogada.es\/","name":"Concepci\u00f3n Artime","description":"Avocat","publisher":{"@id":"https:\/\/www.artimeabogada.es\/#organization"},"potentialAction":[{"@type":"SearchAction","target":{"@type":"EntryPoint","urlTemplate":"https:\/\/www.artimeabogada.es\/?s={search_term_string}"},"query-input":{"@type":"PropertyValueSpecification","valueRequired":true,"valueName":"search_term_string"}}],"inLanguage":"fr-FR"},{"@type":"Organization","@id":"https:\/\/www.artimeabogada.es\/#organization","name":"Concepci\u00f3n Artime","url":"https:\/\/www.artimeabogada.es\/","logo":{"@type":"ImageObject","inLanguage":"fr-FR","@id":"https:\/\/www.artimeabogada.es\/#\/schema\/logo\/image\/","url":"https:\/\/www.artimeabogada.es\/wp-content\/uploads\/2025\/07\/logo-1.png","contentUrl":"https:\/\/www.artimeabogada.es\/wp-content\/uploads\/2025\/07\/logo-1.png","width":1005,"height":618,"caption":"Concepci\u00f3n Artime"},"image":{"@id":"https:\/\/www.artimeabogada.es\/#\/schema\/logo\/image\/"}}]}},"_links":{"self":[{"href":"https:\/\/www.artimeabogada.es\/fr\/wp-json\/wp\/v2\/pages\/88","targetHints":{"allow":["GET"]}}],"collection":[{"href":"https:\/\/www.artimeabogada.es\/fr\/wp-json\/wp\/v2\/pages"}],"about":[{"href":"https:\/\/www.artimeabogada.es\/fr\/wp-json\/wp\/v2\/types\/page"}],"author":[{"embeddable":true,"href":"https:\/\/www.artimeabogada.es\/fr\/wp-json\/wp\/v2\/users\/1"}],"replies":[{"embeddable":true,"href":"https:\/\/www.artimeabogada.es\/fr\/wp-json\/wp\/v2\/comments?post=88"}],"version-history":[{"count":1,"href":"https:\/\/www.artimeabogada.es\/fr\/wp-json\/wp\/v2\/pages\/88\/revisions"}],"predecessor-version":[{"id":396,"href":"https:\/\/www.artimeabogada.es\/fr\/wp-json\/wp\/v2\/pages\/88\/revisions\/396"}],"wp:attachment":[{"href":"https:\/\/www.artimeabogada.es\/fr\/wp-json\/wp\/v2\/media?parent=88"}],"curies":[{"name":"wp","href":"https:\/\/api.w.org\/{rel}","templated":true}]}}